    {"id":250,"date":"2025-02-23T06:19:04","date_gmt":"2025-02-23T06:19:04","guid":{"rendered":"https:\/\/laululind.edu.ee\/eerika\/?page_id=250"},"modified":"2025-04-14T08:01:07","modified_gmt":"2025-04-14T08:01:07","slug":"lastekogu","status":"publish","type":"page","link":"https:\/\/laululind.edu.ee\/eerika\/lastekogu\/","title":{"rendered":"Lastekogu"},"content":{"rendered":"\t\t<div data-elementor-type=\"wp-page\" data-elementor-id=\"250\" class=\"elementor elementor-250\">\n\t\t\t\t<div class=\"elementor-element elementor-element-5a60f61 e-flex e-con-boxed e-con e-parent\" data-id=\"5a60f61\" data-element_type=\"container\" data-e-type=\"container\">\n\t\t\t\t\t<div class=\"e-con-inner\">\n\t\t<div class=\"elementor-element elementor-element-0312b73 e-con-full e-flex e-con e-child\" data-id=\"0312b73\" data-element_type=\"container\" data-e-type=\"container\">\n\t\t\t\t<div class=\"elementor-element elementor-element-24ddb5c elementor-widget elementor-widget-text-editor\" data-id=\"24ddb5c\" data-element_type=\"widget\" data-e-type=\"widget\" data-widget_type=\"text-editor.default\">\n\t\t\t\t<div class=\"elementor-widget-container\">\n\t\t\t\t\t\t\t\t\t<p><span style=\"font-weight: 400;\">Lastekogusse kuulub igast r\u00fchmast kaks (1-2) last, kes on valitud sinna oma r\u00fchmakaaslaste poolt neid esindama ning lasteaia direktor.\u00a0<\/span><\/p><p><span style=\"font-weight: 400;\">Koosolekul arutatakse koos lastega lasteaia igap\u00e4evaelu puudutavaid k\u00fcsimusi ja kaasatakse neid otsustusprotsessidesse.<\/span><\/p><p><span style=\"font-weight: 400;\">N\u00e4iteks esitasid lapsed omapoolsed projekti ettepanekud uue lasteaia hoone projekteerimiseks ning nime valimiseks, arutletud on teemadel \u201cK\u00f5ige \u00e4gedam asi lasteaias\u201d ja\u00a0 \u201c\u00d5nnelik laps lasteaias\u201d<\/span><\/p><p><span style=\"font-weight: 400;\">Selline laste teadlik kaasamine v\u00f5imaldab arvestada laste huvide, ettepanekute ja arvamustega ja teemad saavad laste jaoks veelgi t\u00e4henduslikuma m\u00f5\u00f5tme<\/span><\/p>\t\t\t\t\t\t\t\t<\/div>\n\t\t\t\t<\/div>\n\t\t\t\t<\/div>\n\t\t\t\t\t<\/div>\n\t\t\t\t<\/div>\n\t\t<div class=\"elementor-element elementor-element-1e540a7 e-flex e-con-boxed e-con e-parent\" data-id=\"1e540a7\" data-element_type=\"container\" data-e-type=\"container\">\n\t\t\t\t\t<div class=\"e-con-inner\">\n\t\t\t\t<div class=\"elementor-element elementor-element-417cda2 elementor-widget elementor-widget-video\" data-id=\"417cda2\" data-element_type=\"widget\" data-e-type=\"widget\" data-settings=\"{&quot;youtube_url&quot;:&quot;https:\\\/\\\/www.youtube.com\\\/watch?v=qKXD_zKN3Y0&quot;,&quot;loop&quot;:&quot;yes&quot;,&quot;cc_load_policy&quot;:&quot;yes&quot;,&quot;video_type&quot;:&quot;youtube&quot;,&quot;controls&quot;:&quot;yes&quot;}\" data-widget_type=\"video.default\">\n\t\t\t\t<div class=\"elementor-widget-container\">\n\t\t\t\t\t\t\t<div class=\"elementor-wrapper elementor-open-inline\">\n\t\t\t<div class=\"elementor-video\"><\/div>\t\t<\/div>\n\t\t\t\t\t\t<\/div>\n\t\t\t\t<\/div>\n\t\t\t\t\t<\/div>\n\t\t\t\t<\/div>\n\t\t\t\t<\/div>\n\t\t","protected":false},"excerpt":{"rendered":"<p>Lastekogusse kuulub igast r\u00fchmast kaks (1-2) last, kes on valitud sinna oma r\u00fchmakaaslaste poolt neid esindama ning lasteaia direktor.\u00a0 Koosolekul arutatakse koos lastega lasteaia igap\u00e4evaelu&hellip;<\/p>\n","protected":false},"author":1,"featured_media":0,"parent":0,"menu_order":0,"comment_status":"closed","ping_status":"closed","template":"","meta":{"cybocfi_hide_featured_image":"","footnotes":""},"class_list":["post-250","page","type-page","status-publish","hentry"],"yoast_head":"<!-- This site is optimized with the Yoast SEO plugin v27.5 - https:\/\/yoast.com\/product\/yoast-seo-wordpress\/ -->\n<title>Lastekogu - Eerika Lasteaed Laululind<\/title>\n<meta name=\"robots\" content=\"index, follow, max-snippet:-1, max-image-preview:large, max-video-preview:-1\" \/>\n<link rel=\"canonical\" href=\"https:\/\/laululind.edu.ee\/eerika\/lastekogu\/\" \/>\n<meta property=\"og:locale\" content=\"et_EE\" \/>\n<meta property=\"og:type\" content=\"article\" \/>\n<meta property=\"og:title\" content=\"Lastekogu - Eerika Lasteaed Laululind\" \/>\n<meta property=\"og:description\" content=\"Lastekogusse kuulub igast r\u00fchmast kaks (1-2) last, kes on valitud sinna oma r\u00fchmakaaslaste poolt neid esindama ning lasteaia direktor.\u00a0 Koosolekul arutatakse koos lastega lasteaia igap\u00e4evaelu&hellip;\" \/>\n<meta property=\"og:url\" content=\"https:\/\/laululind.edu.ee\/eerika\/lastekogu\/\" \/>\n<meta property=\"og:site_name\" content=\"Eerika Lasteaed Laululind\" \/>\n<meta property=\"article:modified_time\" content=\"2025-04-14T08:01:07+00:00\" \/>\n<meta name=\"twitter:card\" content=\"summary_large_image\" \/>\n<meta name=\"twitter:label1\" content=\"Est. reading time\" \/>\n\t<meta name=\"twitter:data1\" content=\"1 minut\" \/>\n<script type=\"application\/ld+json\" class=\"yoast-schema-graph\">{\"@context\":\"https:\\\/\\\/schema.org\",\"@graph\":[{\"@type\":\"WebPage\",\"@id\":\"https:\\\/\\\/laululind.edu.ee\\\/eerika\\\/lastekogu\\\/\",\"url\":\"https:\\\/\\\/laululind.edu.ee\\\/eerika\\\/lastekogu\\\/\",\"name\":\"Lastekogu - Eerika Lasteaed Laululind\",\"isPartOf\":{\"@id\":\"https:\\\/\\\/laululind.edu.ee\\\/eerika\\\/#website\"},\"datePublished\":\"2025-02-23T06:19:04+00:00\",\"dateModified\":\"2025-04-14T08:01:07+00:00\",\"breadcrumb\":{\"@id\":\"https:\\\/\\\/laululind.edu.ee\\\/eerika\\\/lastekogu\\\/#breadcrumb\"},\"inLanguage\":\"et\",\"potentialAction\":[{\"@type\":\"ReadAction\",\"target\":[\"https:\\\/\\\/laululind.edu.ee\\\/eerika\\\/lastekogu\\\/\"]}]},{\"@type\":\"BreadcrumbList\",\"@id\":\"https:\\\/\\\/laululind.edu.ee\\\/eerika\\\/lastekogu\\\/#breadcrumb\",\"itemListElement\":[{\"@type\":\"ListItem\",\"position\":1,\"name\":\"Home\",\"item\":\"https:\\\/\\\/laululind.edu.ee\\\/eerika\\\/\"},{\"@type\":\"ListItem\",\"position\":2,\"name\":\"Lastekogu\"}]},{\"@type\":\"WebSite\",\"@id\":\"https:\\\/\\\/laululind.edu.ee\\\/eerika\\\/#website\",\"url\":\"https:\\\/\\\/laululind.edu.ee\\\/eerika\\\/\",\"name\":\"Eerika Lasteaed Laululind\",\"description\":\"Eerika Lasteaed Laululind\",\"publisher\":{\"@id\":\"https:\\\/\\\/laululind.edu.ee\\\/eerika\\\/#organization\"},\"potentialAction\":[{\"@type\":\"SearchAction\",\"target\":{\"@type\":\"EntryPoint\",\"urlTemplate\":\"https:\\\/\\\/laululind.edu.ee\\\/eerika\\\/?s={search_term_string}\"},\"query-input\":{\"@type\":\"PropertyValueSpecification\",\"valueRequired\":true,\"valueName\":\"search_term_string\"}}],\"inLanguage\":\"et\"},{\"@type\":\"Organization\",\"@id\":\"https:\\\/\\\/laululind.edu.ee\\\/eerika\\\/#organization\",\"name\":\"Eerika Lasteaed Laululind\",\"url\":\"https:\\\/\\\/laululind.edu.ee\\\/eerika\\\/\",\"logo\":{\"@type\":\"ImageObject\",\"inLanguage\":\"et\",\"@id\":\"https:\\\/\\\/laululind.edu.ee\\\/eerika\\\/#\\\/schema\\\/logo\\\/image\\\/\",\"url\":\"https:\\\/\\\/laululind.edu.ee\\\/eerika\\\/wp-content\\\/uploads\\\/2025\\\/02\\\/logo-Laululinnu-lasteaed-120x70-1.jpg\",\"contentUrl\":\"https:\\\/\\\/laululind.edu.ee\\\/eerika\\\/wp-content\\\/uploads\\\/2025\\\/02\\\/logo-Laululinnu-lasteaed-120x70-1.jpg\",\"width\":120,\"height\":70,\"caption\":\"Eerika Lasteaed Laululind\"},\"image\":{\"@id\":\"https:\\\/\\\/laululind.edu.ee\\\/eerika\\\/#\\\/schema\\\/logo\\\/image\\\/\"}}]}<\/script>\n<!-- \/ Yoast SEO plugin. -->","yoast_head_json":{"title":"Lastekogu - Eerika Lasteaed Laululind","robots":{"index":"index","follow":"follow","max-snippet":"max-snippet:-1","max-image-preview":"max-image-preview:large","max-video-preview":"max-video-preview:-1"},"canonical":"https:\/\/laululind.edu.ee\/eerika\/lastekogu\/","og_locale":"et_EE","og_type":"article","og_title":"Lastekogu - Eerika Lasteaed Laululind","og_description":"Lastekogusse kuulub igast r\u00fchmast kaks (1-2) last, kes on valitud sinna oma r\u00fchmakaaslaste poolt neid esindama ning lasteaia direktor.\u00a0 Koosolekul arutatakse koos lastega lasteaia igap\u00e4evaelu&hellip;","og_url":"https:\/\/laululind.edu.ee\/eerika\/lastekogu\/","og_site_name":"Eerika Lasteaed Laululind","article_modified_time":"2025-04-14T08:01:07+00:00","twitter_card":"summary_large_image","twitter_misc":{"Est. reading time":"1 minut"},"schema":{"@context":"https:\/\/schema.org","@graph":[{"@type":"WebPage","@id":"https:\/\/laululind.edu.ee\/eerika\/lastekogu\/","url":"https:\/\/laululind.edu.ee\/eerika\/lastekogu\/","name":"Lastekogu - Eerika Lasteaed Laululind","isPartOf":{"@id":"https:\/\/laululind.edu.ee\/eerika\/#website"},"datePublished":"2025-02-23T06:19:04+00:00","dateModified":"2025-04-14T08:01:07+00:00","breadcrumb":{"@id":"https:\/\/laululind.edu.ee\/eerika\/lastekogu\/#breadcrumb"},"inLanguage":"et","potentialAction":[{"@type":"ReadAction","target":["https:\/\/laululind.edu.ee\/eerika\/lastekogu\/"]}]},{"@type":"BreadcrumbList","@id":"https:\/\/laululind.edu.ee\/eerika\/lastekogu\/#breadcrumb","itemListElement":[{"@type":"ListItem","position":1,"name":"Home","item":"https:\/\/laululind.edu.ee\/eerika\/"},{"@type":"ListItem","position":2,"name":"Lastekogu"}]},{"@type":"WebSite","@id":"https:\/\/laululind.edu.ee\/eerika\/#website","url":"https:\/\/laululind.edu.ee\/eerika\/","name":"Eerika Lasteaed Laululind","description":"Eerika Lasteaed Laululind","publisher":{"@id":"https:\/\/laululind.edu.ee\/eerika\/#organization"},"potentialAction":[{"@type":"SearchAction","target":{"@type":"EntryPoint","urlTemplate":"https:\/\/laululind.edu.ee\/eerika\/?s={search_term_string}"},"query-input":{"@type":"PropertyValueSpecification","valueRequired":true,"valueName":"search_term_string"}}],"inLanguage":"et"},{"@type":"Organization","@id":"https:\/\/laululind.edu.ee\/eerika\/#organization","name":"Eerika Lasteaed Laululind","url":"https:\/\/laululind.edu.ee\/eerika\/","logo":{"@type":"ImageObject","inLanguage":"et","@id":"https:\/\/laululind.edu.ee\/eerika\/#\/schema\/logo\/image\/","url":"https:\/\/laululind.edu.ee\/eerika\/wp-content\/uploads\/2025\/02\/logo-Laululinnu-lasteaed-120x70-1.jpg","contentUrl":"https:\/\/laululind.edu.ee\/eerika\/wp-content\/uploads\/2025\/02\/logo-Laululinnu-lasteaed-120x70-1.jpg","width":120,"height":70,"caption":"Eerika Lasteaed Laululind"},"image":{"@id":"https:\/\/laululind.edu.ee\/eerika\/#\/schema\/logo\/image\/"}}]}},"_links":{"self":[{"href":"https:\/\/laululind.edu.ee\/eerika\/wp-json\/wp\/v2\/pages\/250","targetHints":{"allow":["GET"]}}],"collection":[{"href":"https:\/\/laululind.edu.ee\/eerika\/wp-json\/wp\/v2\/pages"}],"about":[{"href":"https:\/\/laululind.edu.ee\/eerika\/wp-json\/wp\/v2\/types\/page"}],"author":[{"embeddable":true,"href":"https:\/\/laululind.edu.ee\/eerika\/wp-json\/wp\/v2\/users\/1"}],"replies":[{"embeddable":true,"href":"https:\/\/laululind.edu.ee\/eerika\/wp-json\/wp\/v2\/comments?post=250"}],"version-history":[{"count":5,"href":"https:\/\/laululind.edu.ee\/eerika\/wp-json\/wp\/v2\/pages\/250\/revisions"}],"predecessor-version":[{"id":480,"href":"https:\/\/laululind.edu.ee\/eerika\/wp-json\/wp\/v2\/pages\/250\/revisions\/480"}],"wp:attachment":[{"href":"https:\/\/laululind.edu.ee\/eerika\/wp-json\/wp\/v2\/media?parent=250"}],"curies":[{"name":"wp","href":"https:\/\/api.w.org\/{rel}","templated":true}]}}