    {"id":255,"date":"2025-02-23T06:24:06","date_gmt":"2025-02-23T06:24:06","guid":{"rendered":"https:\/\/laululind.edu.ee\/eerika\/?page_id=255"},"modified":"2025-02-23T06:25:43","modified_gmt":"2025-02-23T06:25:43","slug":"meile-tahtis","status":"publish","type":"page","link":"https:\/\/laululind.edu.ee\/eerika\/meile-tahtis\/","title":{"rendered":"Meile t\u00e4htis"},"content":{"rendered":"\t\t<div data-elementor-type=\"wp-page\" data-elementor-id=\"255\" class=\"elementor elementor-255\">\n\t\t\t\t<div class=\"elementor-element elementor-element-f5b8adb e-flex e-con-boxed e-con e-parent\" data-id=\"f5b8adb\" data-element_type=\"container\" data-e-type=\"container\">\n\t\t\t\t\t<div class=\"e-con-inner\">\n\t\t<div class=\"elementor-element elementor-element-3a468cf e-con-full e-flex e-con e-child\" data-id=\"3a468cf\" data-element_type=\"container\" data-e-type=\"container\">\n\t\t\t\t<div class=\"elementor-element elementor-element-555b85b elementor-widget elementor-widget-heading\" data-id=\"555b85b\" data-element_type=\"widget\" data-e-type=\"widget\" data-widget_type=\"heading.default\">\n\t\t\t\t<div class=\"elementor-widget-container\">\n\t\t\t\t\t<h2 class=\"elementor-heading-title elementor-size-default\">Missioon ja visioon<\/h2>\t\t\t\t<\/div>\n\t\t\t\t<\/div>\n\t\t\t\t<\/div>\n\t\t\t\t\t<\/div>\n\t\t\t\t<\/div>\n\t\t<div class=\"elementor-element elementor-element-f7a6373 e-flex e-con-boxed e-con e-parent\" data-id=\"f7a6373\" data-element_type=\"container\" data-e-type=\"container\">\n\t\t\t\t\t<div class=\"e-con-inner\">\n\t\t<div class=\"elementor-element elementor-element-5fd3a56 e-con-full e-flex e-con e-child\" data-id=\"5fd3a56\" data-element_type=\"container\" data-e-type=\"container\">\n\t\t\t\t<div class=\"elementor-element elementor-element-6ed4345 elementor-widget elementor-widget-text-editor\" data-id=\"6ed4345\" data-element_type=\"widget\" data-e-type=\"widget\" data-widget_type=\"text-editor.default\">\n\t\t\t\t<div class=\"elementor-widget-container\">\n\t\t\t\t\t\t\t\t\t<p><b>Missioon:<\/b><span style=\"font-weight: 400;\"> Oleme professionaalne ja \u00fchtne meeskond, kes l\u00e4htub Johannes K\u00e4isi p\u00f5him\u00f5tetest, toetab peresid ning saadab lapsi nende arenguteel hoolivuse ja koost\u00f6\u00f6 kaudu.<\/span><\/p><p><strong>Visioon: <\/strong>Laululinnu pesast lendavad kooli \u00f5pihimulised, hoolivad ja tegusad lapsed.<\/p>\t\t\t\t\t\t\t\t<\/div>\n\t\t\t\t<\/div>\n\t\t\t\t<\/div>\n\t\t\t\t\t<\/div>\n\t\t\t\t<\/div>\n\t\t<div class=\"elementor-element elementor-element-5028f2c e-flex e-con-boxed e-con e-parent\" data-id=\"5028f2c\" data-element_type=\"container\" data-e-type=\"container\">\n\t\t\t\t\t<div class=\"e-con-inner\">\n\t\t<div class=\"elementor-element elementor-element-5917d39 e-con-full e-flex e-con e-child\" data-id=\"5917d39\" data-element_type=\"container\" data-e-type=\"container\">\n\t\t<div class=\"elementor-element elementor-element-437c23b e-con-full e-flex e-con e-child\" data-id=\"437c23b\" data-element_type=\"container\" data-e-type=\"container\">\n\t\t\t\t<div class=\"elementor-element elementor-element-37902c5 elementor-widget elementor-widget-image\" data-id=\"37902c5\" data-element_type=\"widget\" data-e-type=\"widget\" data-widget_type=\"image.default\">\n\t\t\t\t<div class=\"elementor-widget-container\">\n\t\t\t\t\t\t\t\t\t\t\t\t\t\t\t<img fetchpriority=\"high\" decoding=\"async\" width=\"1024\" height=\"1003\" src=\"https:\/\/laululind.edu.ee\/eerika\/wp-content\/uploads\/2025\/02\/Laululinnu-missioon_2-1-1024x1003.jpg\" class=\"attachment-large size-large wp-image-257\" alt=\"\" srcset=\"https:\/\/laululind.edu.ee\/eerika\/wp-content\/uploads\/2025\/02\/Laululinnu-missioon_2-1-1024x1003.jpg 1024w, https:\/\/laululind.edu.ee\/eerika\/wp-content\/uploads\/2025\/02\/Laululinnu-missioon_2-1-300x294.jpg 300w, https:\/\/laululind.edu.ee\/eerika\/wp-content\/uploads\/2025\/02\/Laululinnu-missioon_2-1-768x752.jpg 768w, https:\/\/laululind.edu.ee\/eerika\/wp-content\/uploads\/2025\/02\/Laululinnu-missioon_2-1-1536x1504.jpg 1536w, https:\/\/laululind.edu.ee\/eerika\/wp-content\/uploads\/2025\/02\/Laululinnu-missioon_2-1-2048x2005.jpg 2048w\" sizes=\"(max-width: 1024px) 100vw, 1024px\" \/>\t\t\t\t\t\t\t\t\t\t\t\t\t\t\t<\/div>\n\t\t\t\t<\/div>\n\t\t\t\t<\/div>\n\t\t<div class=\"elementor-element elementor-element-efadc93 e-con-full e-flex e-con e-child\" data-id=\"efadc93\" data-element_type=\"container\" data-e-type=\"container\">\n\t\t\t\t<div class=\"elementor-element elementor-element-18c14f8 elementor-widget elementor-widget-image\" data-id=\"18c14f8\" data-element_type=\"widget\" data-e-type=\"widget\" data-widget_type=\"image.default\">\n\t\t\t\t<div class=\"elementor-widget-container\">\n\t\t\t\t\t\t\t\t\t\t\t\t\t\t\t<img decoding=\"async\" width=\"1024\" height=\"1003\" src=\"https:\/\/laululind.edu.ee\/eerika\/wp-content\/uploads\/2025\/02\/Laululinnu-vaartused_2-1-1024x1003.jpg\" class=\"attachment-large size-large wp-image-258\" alt=\"\" srcset=\"https:\/\/laululind.edu.ee\/eerika\/wp-content\/uploads\/2025\/02\/Laululinnu-vaartused_2-1-1024x1003.jpg 1024w, https:\/\/laululind.edu.ee\/eerika\/wp-content\/uploads\/2025\/02\/Laululinnu-vaartused_2-1-300x294.jpg 300w, https:\/\/laululind.edu.ee\/eerika\/wp-content\/uploads\/2025\/02\/Laululinnu-vaartused_2-1-768x752.jpg 768w, https:\/\/laululind.edu.ee\/eerika\/wp-content\/uploads\/2025\/02\/Laululinnu-vaartused_2-1-1536x1505.jpg 1536w, https:\/\/laululind.edu.ee\/eerika\/wp-content\/uploads\/2025\/02\/Laululinnu-vaartused_2-1-2048x2006.jpg 2048w\" sizes=\"(max-width: 1024px) 100vw, 1024px\" \/>\t\t\t\t\t\t\t\t\t\t\t\t\t\t\t<\/div>\n\t\t\t\t<\/div>\n\t\t\t\t<\/div>\n\t\t\t\t<\/div>\n\t\t\t\t\t<\/div>\n\t\t\t\t<\/div>\n\t\t<div class=\"elementor-element elementor-element-5e5bef5 e-flex e-con-boxed e-con e-parent\" data-id=\"5e5bef5\" data-element_type=\"container\" data-e-type=\"container\">\n\t\t\t\t\t<div class=\"e-con-inner\">\n\t\t<div class=\"elementor-element elementor-element-e2c4d35 e-con-full e-flex e-con e-child\" data-id=\"e2c4d35\" data-element_type=\"container\" data-e-type=\"container\">\n\t\t\t\t<div class=\"elementor-element elementor-element-30bb658 elementor-widget elementor-widget-heading\" data-id=\"30bb658\" data-element_type=\"widget\" data-e-type=\"widget\" data-widget_type=\"heading.default\">\n\t\t\t\t<div class=\"elementor-widget-container\">\n\t\t\t\t\t<h2 class=\"elementor-heading-title elementor-size-default\">Fookus<\/h2>\t\t\t\t<\/div>\n\t\t\t\t<\/div>\n\t\t\t\t<\/div>\n\t\t\t\t\t<\/div>\n\t\t\t\t<\/div>\n\t\t<div class=\"elementor-element elementor-element-ee9adc7 e-flex e-con-boxed e-con e-parent\" data-id=\"ee9adc7\" data-element_type=\"container\" data-e-type=\"container\">\n\t\t\t\t\t<div class=\"e-con-inner\">\n\t\t<div class=\"elementor-element elementor-element-a5bca15 e-con-full e-flex e-con e-child\" data-id=\"a5bca15\" data-element_type=\"container\" data-e-type=\"container\">\n\t\t\t\t<div class=\"elementor-element elementor-element-129b1ca elementor-widget elementor-widget-image\" data-id=\"129b1ca\" data-element_type=\"widget\" data-e-type=\"widget\" data-widget_type=\"image.default\">\n\t\t\t\t<div class=\"elementor-widget-container\">\n\t\t\t\t\t\t\t\t\t\t\t\t\t\t\t<img decoding=\"async\" width=\"768\" height=\"497\" src=\"https:\/\/laululind.edu.ee\/eerika\/wp-content\/uploads\/2025\/02\/Fookus_2-scaled-1-768x497.jpg\" class=\"attachment-medium_large size-medium_large wp-image-259\" alt=\"\" srcset=\"https:\/\/laululind.edu.ee\/eerika\/wp-content\/uploads\/2025\/02\/Fookus_2-scaled-1-768x497.jpg 768w, https:\/\/laululind.edu.ee\/eerika\/wp-content\/uploads\/2025\/02\/Fookus_2-scaled-1-300x194.jpg 300w, https:\/\/laululind.edu.ee\/eerika\/wp-content\/uploads\/2025\/02\/Fookus_2-scaled-1-1024x663.jpg 1024w, https:\/\/laululind.edu.ee\/eerika\/wp-content\/uploads\/2025\/02\/Fookus_2-scaled-1-1536x995.jpg 1536w, https:\/\/laululind.edu.ee\/eerika\/wp-content\/uploads\/2025\/02\/Fookus_2-scaled-1-2048x1326.jpg 2048w\" sizes=\"(max-width: 768px) 100vw, 768px\" \/>\t\t\t\t\t\t\t\t\t\t\t\t\t\t\t<\/div>\n\t\t\t\t<\/div>\n\t\t\t\t<\/div>\n\t\t\t\t\t<\/div>\n\t\t\t\t<\/div>\n\t\t<div class=\"elementor-element elementor-element-0928bb7 e-flex e-con-boxed e-con e-parent\" data-id=\"0928bb7\" data-element_type=\"container\" data-e-type=\"container\">\n\t\t\t\t\t<div class=\"e-con-inner\">\n\t\t<div class=\"elementor-element elementor-element-025e6f5 e-con-full e-flex e-con e-child\" data-id=\"025e6f5\" data-element_type=\"container\" data-e-type=\"container\">\n\t\t\t\t<div class=\"elementor-element elementor-element-64b3b18 elementor-widget elementor-widget-heading\" data-id=\"64b3b18\" data-element_type=\"widget\" data-e-type=\"widget\" data-widget_type=\"heading.default\">\n\t\t\t\t<div class=\"elementor-widget-container\">\n\t\t\t\t\t<h2 class=\"elementor-heading-title elementor-size-default\">Tunnustus<\/h2>\t\t\t\t<\/div>\n\t\t\t\t<\/div>\n\t\t\t\t<\/div>\n\t\t\t\t\t<\/div>\n\t\t\t\t<\/div>\n\t\t<div class=\"elementor-element elementor-element-898db9d e-flex e-con-boxed e-con e-parent\" data-id=\"898db9d\" data-element_type=\"container\" data-e-type=\"container\">\n\t\t\t\t\t<div class=\"e-con-inner\">\n\t\t<div class=\"elementor-element elementor-element-1c414e5 e-con-full e-flex e-con e-child\" data-id=\"1c414e5\" data-element_type=\"container\" data-e-type=\"container\">\n\t\t\t\t<div class=\"elementor-element elementor-element-cb8d46d elementor-widget elementor-widget-text-editor\" data-id=\"cb8d46d\" data-element_type=\"widget\" data-e-type=\"widget\" data-widget_type=\"text-editor.default\">\n\t\t\t\t<div class=\"elementor-widget-container\">\n\t\t\t\t\t\t\t\t\t<p><b>Hea lasteaia teerajaja 2020<\/b><\/p><p><b>Tartumaa aasta haridustegu 2021<\/b><span style=\"font-weight: 400;\"> Professionaalne \u00f5pikogukond J. K\u00e4isi p\u00f5him\u00f5tete rakendamiseks ja \u00fchtse oskusteabe loomiseks.<\/span><\/p><p><b>Tartumaa aasta haridustegu 2023<\/b><span style=\"font-weight: 400;\"> Laste tugevate tunnetega toimetuleku toetamine kaasava hariduse kontekstis Laululinnu lasteaia n\u00e4itel.<\/span><\/p>\t\t\t\t\t\t\t\t<\/div>\n\t\t\t\t<\/div>\n\t\t\t\t<\/div>\n\t\t\t\t\t<\/div>\n\t\t\t\t<\/div>\n\t\t\t\t<\/div>\n\t\t","protected":false},"excerpt":{"rendered":"<p>Missioon ja visioon Missioon: Oleme professionaalne ja \u00fchtne meeskond, kes l\u00e4htub Johannes K\u00e4isi p\u00f5him\u00f5tetest, toetab peresid ning saadab lapsi nende arenguteel hoolivuse ja koost\u00f6\u00f6 kaudu.&hellip;<\/p>\n","protected":false},"author":1,"featured_media":0,"parent":0,"menu_order":0,"comment_status":"closed","ping_status":"closed","template":"","meta":{"cybocfi_hide_featured_image":"","footnotes":""},"class_list":["post-255","page","type-page","status-publish","hentry"],"yoast_head":"<!-- This site is optimized with the Yoast SEO plugin v27.3 - https:\/\/yoast.com\/product\/yoast-seo-wordpress\/ -->\n<title>Meile t\u00e4htis - Eerika Lasteaed Laululind<\/title>\n<meta name=\"robots\" content=\"index, follow, max-snippet:-1, max-image-preview:large, max-video-preview:-1\" \/>\n<link rel=\"canonical\" href=\"https:\/\/laululind.edu.ee\/eerika\/meile-tahtis\/\" \/>\n<meta property=\"og:locale\" content=\"et_EE\" \/>\n<meta property=\"og:type\" content=\"article\" \/>\n<meta property=\"og:title\" content=\"Meile t\u00e4htis - Eerika Lasteaed Laululind\" \/>\n<meta property=\"og:description\" content=\"Missioon ja visioon Missioon: Oleme professionaalne ja \u00fchtne meeskond, kes l\u00e4htub Johannes K\u00e4isi p\u00f5him\u00f5tetest, toetab peresid ning saadab lapsi nende arenguteel hoolivuse ja koost\u00f6\u00f6 kaudu.&hellip;\" \/>\n<meta property=\"og:url\" content=\"https:\/\/laululind.edu.ee\/eerika\/meile-tahtis\/\" \/>\n<meta property=\"og:site_name\" content=\"Eerika Lasteaed Laululind\" \/>\n<meta property=\"article:modified_time\" content=\"2025-02-23T06:25:43+00:00\" \/>\n<meta property=\"og:image\" content=\"https:\/\/laululind.edu.ee\/eerika\/wp-content\/uploads\/2025\/02\/Laululinnu-missioon_2-1.jpg\" \/>\n\t<meta property=\"og:image:width\" content=\"2109\" \/>\n\t<meta property=\"og:image:height\" content=\"2065\" \/>\n\t<meta property=\"og:image:type\" content=\"image\/jpeg\" \/>\n<meta name=\"twitter:card\" content=\"summary_large_image\" \/>\n<meta name=\"twitter:label1\" content=\"Est. reading time\" \/>\n\t<meta name=\"twitter:data1\" content=\"1 minut\" \/>\n<script type=\"application\/ld+json\" class=\"yoast-schema-graph\">{\"@context\":\"https:\\\/\\\/schema.org\",\"@graph\":[{\"@type\":\"WebPage\",\"@id\":\"https:\\\/\\\/laululind.edu.ee\\\/eerika\\\/meile-tahtis\\\/\",\"url\":\"https:\\\/\\\/laululind.edu.ee\\\/eerika\\\/meile-tahtis\\\/\",\"name\":\"Meile t\u00e4htis - Eerika Lasteaed Laululind\",\"isPartOf\":{\"@id\":\"https:\\\/\\\/laululind.edu.ee\\\/eerika\\\/#website\"},\"primaryImageOfPage\":{\"@id\":\"https:\\\/\\\/laululind.edu.ee\\\/eerika\\\/meile-tahtis\\\/#primaryimage\"},\"image\":{\"@id\":\"https:\\\/\\\/laululind.edu.ee\\\/eerika\\\/meile-tahtis\\\/#primaryimage\"},\"thumbnailUrl\":\"https:\\\/\\\/laululind.edu.ee\\\/eerika\\\/wp-content\\\/uploads\\\/2025\\\/02\\\/Laululinnu-missioon_2-1-1024x1003.jpg\",\"datePublished\":\"2025-02-23T06:24:06+00:00\",\"dateModified\":\"2025-02-23T06:25:43+00:00\",\"breadcrumb\":{\"@id\":\"https:\\\/\\\/laululind.edu.ee\\\/eerika\\\/meile-tahtis\\\/#breadcrumb\"},\"inLanguage\":\"et\",\"potentialAction\":[{\"@type\":\"ReadAction\",\"target\":[\"https:\\\/\\\/laululind.edu.ee\\\/eerika\\\/meile-tahtis\\\/\"]}]},{\"@type\":\"ImageObject\",\"inLanguage\":\"et\",\"@id\":\"https:\\\/\\\/laululind.edu.ee\\\/eerika\\\/meile-tahtis\\\/#primaryimage\",\"url\":\"https:\\\/\\\/laululind.edu.ee\\\/eerika\\\/wp-content\\\/uploads\\\/2025\\\/02\\\/Laululinnu-missioon_2-1.jpg\",\"contentUrl\":\"https:\\\/\\\/laululind.edu.ee\\\/eerika\\\/wp-content\\\/uploads\\\/2025\\\/02\\\/Laululinnu-missioon_2-1.jpg\",\"width\":2109,\"height\":2065},{\"@type\":\"BreadcrumbList\",\"@id\":\"https:\\\/\\\/laululind.edu.ee\\\/eerika\\\/meile-tahtis\\\/#breadcrumb\",\"itemListElement\":[{\"@type\":\"ListItem\",\"position\":1,\"name\":\"Home\",\"item\":\"https:\\\/\\\/laululind.edu.ee\\\/eerika\\\/\"},{\"@type\":\"ListItem\",\"position\":2,\"name\":\"Meile t\u00e4htis\"}]},{\"@type\":\"WebSite\",\"@id\":\"https:\\\/\\\/laululind.edu.ee\\\/eerika\\\/#website\",\"url\":\"https:\\\/\\\/laululind.edu.ee\\\/eerika\\\/\",\"name\":\"Eerika Lasteaed Laululind\",\"description\":\"Eerika Lasteaed Laululind\",\"publisher\":{\"@id\":\"https:\\\/\\\/laululind.edu.ee\\\/eerika\\\/#organization\"},\"potentialAction\":[{\"@type\":\"SearchAction\",\"target\":{\"@type\":\"EntryPoint\",\"urlTemplate\":\"https:\\\/\\\/laululind.edu.ee\\\/eerika\\\/?s={search_term_string}\"},\"query-input\":{\"@type\":\"PropertyValueSpecification\",\"valueRequired\":true,\"valueName\":\"search_term_string\"}}],\"inLanguage\":\"et\"},{\"@type\":\"Organization\",\"@id\":\"https:\\\/\\\/laululind.edu.ee\\\/eerika\\\/#organization\",\"name\":\"Eerika Lasteaed Laululind\",\"url\":\"https:\\\/\\\/laululind.edu.ee\\\/eerika\\\/\",\"logo\":{\"@type\":\"ImageObject\",\"inLanguage\":\"et\",\"@id\":\"https:\\\/\\\/laululind.edu.ee\\\/eerika\\\/#\\\/schema\\\/logo\\\/image\\\/\",\"url\":\"https:\\\/\\\/laululind.edu.ee\\\/eerika\\\/wp-content\\\/uploads\\\/2025\\\/02\\\/logo-Laululinnu-lasteaed-120x70-1.jpg\",\"contentUrl\":\"https:\\\/\\\/laululind.edu.ee\\\/eerika\\\/wp-content\\\/uploads\\\/2025\\\/02\\\/logo-Laululinnu-lasteaed-120x70-1.jpg\",\"width\":120,\"height\":70,\"caption\":\"Eerika Lasteaed Laululind\"},\"image\":{\"@id\":\"https:\\\/\\\/laululind.edu.ee\\\/eerika\\\/#\\\/schema\\\/logo\\\/image\\\/\"}}]}<\/script>\n<!-- \/ Yoast SEO plugin. -->","yoast_head_json":{"title":"Meile t\u00e4htis - Eerika Lasteaed Laululind","robots":{"index":"index","follow":"follow","max-snippet":"max-snippet:-1","max-image-preview":"max-image-preview:large","max-video-preview":"max-video-preview:-1"},"canonical":"https:\/\/laululind.edu.ee\/eerika\/meile-tahtis\/","og_locale":"et_EE","og_type":"article","og_title":"Meile t\u00e4htis - Eerika Lasteaed Laululind","og_description":"Missioon ja visioon Missioon: Oleme professionaalne ja \u00fchtne meeskond, kes l\u00e4htub Johannes K\u00e4isi p\u00f5him\u00f5tetest, toetab peresid ning saadab lapsi nende arenguteel hoolivuse ja koost\u00f6\u00f6 kaudu.&hellip;","og_url":"https:\/\/laululind.edu.ee\/eerika\/meile-tahtis\/","og_site_name":"Eerika Lasteaed Laululind","article_modified_time":"2025-02-23T06:25:43+00:00","og_image":[{"width":2109,"height":2065,"url":"https:\/\/laululind.edu.ee\/eerika\/wp-content\/uploads\/2025\/02\/Laululinnu-missioon_2-1.jpg","type":"image\/jpeg"}],"twitter_card":"summary_large_image","twitter_misc":{"Est. reading time":"1 minut"},"schema":{"@context":"https:\/\/schema.org","@graph":[{"@type":"WebPage","@id":"https:\/\/laululind.edu.ee\/eerika\/meile-tahtis\/","url":"https:\/\/laululind.edu.ee\/eerika\/meile-tahtis\/","name":"Meile t\u00e4htis - Eerika Lasteaed Laululind","isPartOf":{"@id":"https:\/\/laululind.edu.ee\/eerika\/#website"},"primaryImageOfPage":{"@id":"https:\/\/laululind.edu.ee\/eerika\/meile-tahtis\/#primaryimage"},"image":{"@id":"https:\/\/laululind.edu.ee\/eerika\/meile-tahtis\/#primaryimage"},"thumbnailUrl":"https:\/\/laululind.edu.ee\/eerika\/wp-content\/uploads\/2025\/02\/Laululinnu-missioon_2-1-1024x1003.jpg","datePublished":"2025-02-23T06:24:06+00:00","dateModified":"2025-02-23T06:25:43+00:00","breadcrumb":{"@id":"https:\/\/laululind.edu.ee\/eerika\/meile-tahtis\/#breadcrumb"},"inLanguage":"et","potentialAction":[{"@type":"ReadAction","target":["https:\/\/laululind.edu.ee\/eerika\/meile-tahtis\/"]}]},{"@type":"ImageObject","inLanguage":"et","@id":"https:\/\/laululind.edu.ee\/eerika\/meile-tahtis\/#primaryimage","url":"https:\/\/laululind.edu.ee\/eerika\/wp-content\/uploads\/2025\/02\/Laululinnu-missioon_2-1.jpg","contentUrl":"https:\/\/laululind.edu.ee\/eerika\/wp-content\/uploads\/2025\/02\/Laululinnu-missioon_2-1.jpg","width":2109,"height":2065},{"@type":"BreadcrumbList","@id":"https:\/\/laululind.edu.ee\/eerika\/meile-tahtis\/#breadcrumb","itemListElement":[{"@type":"ListItem","position":1,"name":"Home","item":"https:\/\/laululind.edu.ee\/eerika\/"},{"@type":"ListItem","position":2,"name":"Meile t\u00e4htis"}]},{"@type":"WebSite","@id":"https:\/\/laululind.edu.ee\/eerika\/#website","url":"https:\/\/laululind.edu.ee\/eerika\/","name":"Eerika Lasteaed Laululind","description":"Eerika Lasteaed Laululind","publisher":{"@id":"https:\/\/laululind.edu.ee\/eerika\/#organization"},"potentialAction":[{"@type":"SearchAction","target":{"@type":"EntryPoint","urlTemplate":"https:\/\/laululind.edu.ee\/eerika\/?s={search_term_string}"},"query-input":{"@type":"PropertyValueSpecification","valueRequired":true,"valueName":"search_term_string"}}],"inLanguage":"et"},{"@type":"Organization","@id":"https:\/\/laululind.edu.ee\/eerika\/#organization","name":"Eerika Lasteaed Laululind","url":"https:\/\/laululind.edu.ee\/eerika\/","logo":{"@type":"ImageObject","inLanguage":"et","@id":"https:\/\/laululind.edu.ee\/eerika\/#\/schema\/logo\/image\/","url":"https:\/\/laululind.edu.ee\/eerika\/wp-content\/uploads\/2025\/02\/logo-Laululinnu-lasteaed-120x70-1.jpg","contentUrl":"https:\/\/laululind.edu.ee\/eerika\/wp-content\/uploads\/2025\/02\/logo-Laululinnu-lasteaed-120x70-1.jpg","width":120,"height":70,"caption":"Eerika Lasteaed Laululind"},"image":{"@id":"https:\/\/laululind.edu.ee\/eerika\/#\/schema\/logo\/image\/"}}]}},"_links":{"self":[{"href":"https:\/\/laululind.edu.ee\/eerika\/wp-json\/wp\/v2\/pages\/255","targetHints":{"allow":["GET"]}}],"collection":[{"href":"https:\/\/laululind.edu.ee\/eerika\/wp-json\/wp\/v2\/pages"}],"about":[{"href":"https:\/\/laululind.edu.ee\/eerika\/wp-json\/wp\/v2\/types\/page"}],"author":[{"embeddable":true,"href":"https:\/\/laululind.edu.ee\/eerika\/wp-json\/wp\/v2\/users\/1"}],"replies":[{"embeddable":true,"href":"https:\/\/laululind.edu.ee\/eerika\/wp-json\/wp\/v2\/comments?post=255"}],"version-history":[{"count":4,"href":"https:\/\/laululind.edu.ee\/eerika\/wp-json\/wp\/v2\/pages\/255\/revisions"}],"predecessor-version":[{"id":262,"href":"https:\/\/laululind.edu.ee\/eerika\/wp-json\/wp\/v2\/pages\/255\/revisions\/262"}],"wp:attachment":[{"href":"https:\/\/laululind.edu.ee\/eerika\/wp-json\/wp\/v2\/media?parent=255"}],"curies":[{"name":"wp","href":"https:\/\/api.w.org\/{rel}","templated":true}]}}