    {"id":263,"date":"2025-02-23T06:28:09","date_gmt":"2025-02-23T06:28:09","guid":{"rendered":"https:\/\/laululind.edu.ee\/eerika\/?page_id=263"},"modified":"2025-02-23T06:34:38","modified_gmt":"2025-02-23T06:34:38","slug":"ruhmad","status":"publish","type":"page","link":"https:\/\/laululind.edu.ee\/eerika\/ruhmad\/","title":{"rendered":"R\u00fchmad"},"content":{"rendered":"\t\t<div data-elementor-type=\"wp-page\" data-elementor-id=\"263\" class=\"elementor elementor-263\">\n\t\t\t\t<div class=\"elementor-element elementor-element-d10510a e-flex e-con-boxed e-con e-parent\" data-id=\"d10510a\" data-element_type=\"container\" data-e-type=\"container\">\n\t\t\t\t\t<div class=\"e-con-inner\">\n\t\t<div class=\"elementor-element elementor-element-48971ef e-con-full e-flex e-con e-child\" data-id=\"48971ef\" data-element_type=\"container\" data-e-type=\"container\">\n\t\t\t\t<div class=\"elementor-element elementor-element-a9d5320 elementor-widget elementor-widget-text-editor\" data-id=\"a9d5320\" data-element_type=\"widget\" data-e-type=\"widget\" data-widget_type=\"text-editor.default\">\n\t\t\t\t<div class=\"elementor-widget-container\">\n\t\t\t\t\t\t\t\t\t<p>Meie lasteaias on seitse r\u00fchma, kus loome lastele turvalise ja toetava keskkonna. Iga laps saab avastada, \u00f5ppida ja areneda l\u00e4bi m\u00e4nguliste ning harivate tegevuste. Oluline on loovuse, sotsiaalsete oskuste ja iseseisvuse arendamine. Toetame laste uudishimu ja pakume mitmekesiseid v\u00f5imalusi \u00f5ppimiseks nii toas kui \u00f5ues.<\/p>\t\t\t\t\t\t\t\t<\/div>\n\t\t\t\t<\/div>\n\t\t\t\t<\/div>\n\t\t\t\t\t<\/div>\n\t\t\t\t<\/div>\n\t\t<div class=\"elementor-element elementor-element-83154ac e-flex e-con-boxed e-con e-parent\" data-id=\"83154ac\" data-element_type=\"container\" data-e-type=\"container\">\n\t\t\t\t\t<div class=\"e-con-inner\">\n\t\t<div class=\"elementor-element elementor-element-c8409b8 e-grid e-con-full e-con e-child\" data-id=\"c8409b8\" data-element_type=\"container\" data-e-type=\"container\">\n\t\t<div class=\"elementor-element elementor-element-6e96985 e-con-full e-flex e-con e-child\" data-id=\"6e96985\" data-element_type=\"container\" data-e-type=\"container\">\n\t\t\t\t<div class=\"elementor-element elementor-element-97481e6 elementor-widget elementor-widget-image\" data-id=\"97481e6\" data-element_type=\"widget\" data-e-type=\"widget\" data-widget_type=\"image.default\">\n\t\t\t\t<div class=\"elementor-widget-container\">\n\t\t\t\t\t\t\t\t\t\t\t\t\t\t\t<img fetchpriority=\"high\" decoding=\"async\" width=\"300\" height=\"300\" src=\"https:\/\/laululind.edu.ee\/eerika\/wp-content\/uploads\/2025\/02\/Jaalinnud-300x300.jpg\" class=\"attachment-medium size-medium wp-image-183\" alt=\"\" srcset=\"https:\/\/laululind.edu.ee\/eerika\/wp-content\/uploads\/2025\/02\/Jaalinnud-300x300.jpg 300w, https:\/\/laululind.edu.ee\/eerika\/wp-content\/uploads\/2025\/02\/Jaalinnud-150x150.jpg 150w, https:\/\/laululind.edu.ee\/eerika\/wp-content\/uploads\/2025\/02\/Jaalinnud-768x769.jpg 768w, https:\/\/laululind.edu.ee\/eerika\/wp-content\/uploads\/2025\/02\/Jaalinnud.jpg 1006w\" sizes=\"(max-width: 300px) 100vw, 300px\" \/>\t\t\t\t\t\t\t\t\t\t\t\t\t\t\t<\/div>\n\t\t\t\t<\/div>\n\t\t\t\t<div class=\"elementor-element elementor-element-c038327 elementor-widget elementor-widget-text-editor\" data-id=\"c038327\" data-element_type=\"widget\" data-e-type=\"widget\" data-widget_type=\"text-editor.default\">\n\t\t\t\t<div class=\"elementor-widget-container\">\n\t\t\t\t\t\t\t\t\t<p>R\u00fchm: J\u00e4\u00e4linnud<br \/>+372 <span style=\"font-weight: 400;\">56 841 822<\/span><\/p>\t\t\t\t\t\t\t\t<\/div>\n\t\t\t\t<\/div>\n\t\t\t\t<\/div>\n\t\t<div class=\"elementor-element elementor-element-853f61a e-con-full e-flex e-con e-child\" data-id=\"853f61a\" data-element_type=\"container\" data-e-type=\"container\">\n\t\t\t\t<div class=\"elementor-element elementor-element-0de56e9 elementor-widget elementor-widget-image\" data-id=\"0de56e9\" data-element_type=\"widget\" data-e-type=\"widget\" data-widget_type=\"image.default\">\n\t\t\t\t<div class=\"elementor-widget-container\">\n\t\t\t\t\t\t\t\t\t\t\t\t\t\t\t<img decoding=\"async\" width=\"300\" height=\"300\" src=\"https:\/\/laululind.edu.ee\/eerika\/wp-content\/uploads\/2025\/02\/Laulurastad-300x300.jpg\" class=\"attachment-medium size-medium wp-image-184\" alt=\"\" srcset=\"https:\/\/laululind.edu.ee\/eerika\/wp-content\/uploads\/2025\/02\/Laulurastad-300x300.jpg 300w, https:\/\/laululind.edu.ee\/eerika\/wp-content\/uploads\/2025\/02\/Laulurastad-150x150.jpg 150w, https:\/\/laululind.edu.ee\/eerika\/wp-content\/uploads\/2025\/02\/Laulurastad-768x769.jpg 768w, https:\/\/laululind.edu.ee\/eerika\/wp-content\/uploads\/2025\/02\/Laulurastad.jpg 1006w\" sizes=\"(max-width: 300px) 100vw, 300px\" \/>\t\t\t\t\t\t\t\t\t\t\t\t\t\t\t<\/div>\n\t\t\t\t<\/div>\n\t\t\t\t<div class=\"elementor-element elementor-element-4084899 elementor-widget elementor-widget-text-editor\" data-id=\"4084899\" data-element_type=\"widget\" data-e-type=\"widget\" data-widget_type=\"text-editor.default\">\n\t\t\t\t<div class=\"elementor-widget-container\">\n\t\t\t\t\t\t\t\t\t<p>R\u00fchm: Laulur\u00e4stad<br \/>+372 <span style=\"font-weight: 400;\">56 941 858<\/span><\/p>\t\t\t\t\t\t\t\t<\/div>\n\t\t\t\t<\/div>\n\t\t\t\t<\/div>\n\t\t<div class=\"elementor-element elementor-element-a452e5d e-con-full e-flex e-con e-child\" data-id=\"a452e5d\" data-element_type=\"container\" data-e-type=\"container\" data-settings=\"{&quot;background_background&quot;:&quot;classic&quot;}\">\n\t\t\t\t<div class=\"elementor-element elementor-element-fdac243 elementor-widget elementor-widget-image\" data-id=\"fdac243\" data-element_type=\"widget\" data-e-type=\"widget\" data-widget_type=\"image.default\">\n\t\t\t\t<div class=\"elementor-widget-container\">\n\t\t\t\t\t\t\t\t\t\t\t\t\t\t\t<img decoding=\"async\" width=\"300\" height=\"300\" src=\"https:\/\/laululind.edu.ee\/eerika\/wp-content\/uploads\/2025\/02\/Lehelinnud-300x300.jpg\" class=\"attachment-medium size-medium wp-image-185\" alt=\"\" srcset=\"https:\/\/laululind.edu.ee\/eerika\/wp-content\/uploads\/2025\/02\/Lehelinnud-300x300.jpg 300w, https:\/\/laululind.edu.ee\/eerika\/wp-content\/uploads\/2025\/02\/Lehelinnud-150x150.jpg 150w, https:\/\/laululind.edu.ee\/eerika\/wp-content\/uploads\/2025\/02\/Lehelinnud-768x769.jpg 768w, https:\/\/laululind.edu.ee\/eerika\/wp-content\/uploads\/2025\/02\/Lehelinnud.jpg 1006w\" sizes=\"(max-width: 300px) 100vw, 300px\" \/>\t\t\t\t\t\t\t\t\t\t\t\t\t\t\t<\/div>\n\t\t\t\t<\/div>\n\t\t\t\t<div class=\"elementor-element elementor-element-bb97ffc elementor-widget elementor-widget-text-editor\" data-id=\"bb97ffc\" data-element_type=\"widget\" data-e-type=\"widget\" data-widget_type=\"text-editor.default\">\n\t\t\t\t<div class=\"elementor-widget-container\">\n\t\t\t\t\t\t\t\t\t<p><span style=\"font-weight: 400;\">R\u00fchm: Lehelinnud<br \/><\/span><span style=\"font-weight: 400;\">+372 56 941 435<\/span><\/p>\t\t\t\t\t\t\t\t<\/div>\n\t\t\t\t<\/div>\n\t\t\t\t<\/div>\n\t\t\t\t<\/div>\n\t\t\t\t\t<\/div>\n\t\t\t\t<\/div>\n\t\t<div class=\"elementor-element elementor-element-14245ea e-flex e-con-boxed e-con e-parent\" data-id=\"14245ea\" data-element_type=\"container\" data-e-type=\"container\">\n\t\t\t\t\t<div class=\"e-con-inner\">\n\t\t<div class=\"elementor-element elementor-element-21b741d e-con-full e-flex e-con e-child\" data-id=\"21b741d\" data-element_type=\"container\" data-e-type=\"container\" data-settings=\"{&quot;background_background&quot;:&quot;classic&quot;}\">\n\t\t<div class=\"elementor-element elementor-element-4063537 e-grid e-con-full e-con e-child\" data-id=\"4063537\" data-element_type=\"container\" data-e-type=\"container\">\n\t\t<div class=\"elementor-element elementor-element-bdde4bb e-con-full e-flex e-con e-child\" data-id=\"bdde4bb\" data-element_type=\"container\" data-e-type=\"container\">\n\t\t\t\t<div class=\"elementor-element elementor-element-ab54c0a elementor-widget elementor-widget-image\" data-id=\"ab54c0a\" data-element_type=\"widget\" data-e-type=\"widget\" data-widget_type=\"image.default\">\n\t\t\t\t<div class=\"elementor-widget-container\">\n\t\t\t\t\t\t\t\t\t\t\t\t\t\t\t<img loading=\"lazy\" decoding=\"async\" width=\"300\" height=\"300\" src=\"https:\/\/laululind.edu.ee\/eerika\/wp-content\/uploads\/2025\/02\/Metsvindid-300x300.jpg\" class=\"attachment-medium size-medium wp-image-186\" alt=\"\" srcset=\"https:\/\/laululind.edu.ee\/eerika\/wp-content\/uploads\/2025\/02\/Metsvindid-300x300.jpg 300w, https:\/\/laululind.edu.ee\/eerika\/wp-content\/uploads\/2025\/02\/Metsvindid-150x150.jpg 150w, https:\/\/laululind.edu.ee\/eerika\/wp-content\/uploads\/2025\/02\/Metsvindid-768x769.jpg 768w, https:\/\/laululind.edu.ee\/eerika\/wp-content\/uploads\/2025\/02\/Metsvindid.jpg 1006w\" sizes=\"(max-width: 300px) 100vw, 300px\" \/>\t\t\t\t\t\t\t\t\t\t\t\t\t\t\t<\/div>\n\t\t\t\t<\/div>\n\t\t\t\t<div class=\"elementor-element elementor-element-d705c98 elementor-widget elementor-widget-text-editor\" data-id=\"d705c98\" data-element_type=\"widget\" data-e-type=\"widget\" data-widget_type=\"text-editor.default\">\n\t\t\t\t<div class=\"elementor-widget-container\">\n\t\t\t\t\t\t\t\t\t<p><span style=\"font-weight: 400;\">R\u00fchm: Metsvindid<br \/>+372 56 940 342<\/span><\/p>\t\t\t\t\t\t\t\t<\/div>\n\t\t\t\t<\/div>\n\t\t\t\t<\/div>\n\t\t<div class=\"elementor-element elementor-element-ba8b2d8 e-con-full e-flex e-con e-child\" data-id=\"ba8b2d8\" data-element_type=\"container\" data-e-type=\"container\">\n\t\t\t\t<div class=\"elementor-element elementor-element-89715dc elementor-widget elementor-widget-image\" data-id=\"89715dc\" data-element_type=\"widget\" data-e-type=\"widget\" data-widget_type=\"image.default\">\n\t\t\t\t<div class=\"elementor-widget-container\">\n\t\t\t\t\t\t\t\t\t\t\t\t\t\t\t<img loading=\"lazy\" decoding=\"async\" width=\"300\" height=\"300\" src=\"https:\/\/laululind.edu.ee\/eerika\/wp-content\/uploads\/2025\/02\/Ookullid-300x300.jpg\" class=\"attachment-medium size-medium wp-image-187\" alt=\"\" srcset=\"https:\/\/laululind.edu.ee\/eerika\/wp-content\/uploads\/2025\/02\/Ookullid-300x300.jpg 300w, https:\/\/laululind.edu.ee\/eerika\/wp-content\/uploads\/2025\/02\/Ookullid-150x150.jpg 150w, https:\/\/laululind.edu.ee\/eerika\/wp-content\/uploads\/2025\/02\/Ookullid-768x769.jpg 768w, https:\/\/laululind.edu.ee\/eerika\/wp-content\/uploads\/2025\/02\/Ookullid.jpg 1006w\" sizes=\"(max-width: 300px) 100vw, 300px\" \/>\t\t\t\t\t\t\t\t\t\t\t\t\t\t\t<\/div>\n\t\t\t\t<\/div>\n\t\t\t\t<div class=\"elementor-element elementor-element-8edcf17 elementor-widget elementor-widget-text-editor\" data-id=\"8edcf17\" data-element_type=\"widget\" data-e-type=\"widget\" data-widget_type=\"text-editor.default\">\n\t\t\t\t<div class=\"elementor-widget-container\">\n\t\t\t\t\t\t\t\t\t<p>R\u00fchm: \u00d6\u00f6kullid<br \/>+372 <span style=\"font-weight: 400;\">56 940 536<\/span><\/p>\t\t\t\t\t\t\t\t<\/div>\n\t\t\t\t<\/div>\n\t\t\t\t<\/div>\n\t\t<div class=\"elementor-element elementor-element-8ece771 e-con-full e-flex e-con e-child\" data-id=\"8ece771\" data-element_type=\"container\" data-e-type=\"container\" data-settings=\"{&quot;background_background&quot;:&quot;classic&quot;}\">\n\t\t\t\t<div class=\"elementor-element elementor-element-45f9988 elementor-widget elementor-widget-image\" data-id=\"45f9988\" data-element_type=\"widget\" data-e-type=\"widget\" data-widget_type=\"image.default\">\n\t\t\t\t<div class=\"elementor-widget-container\">\n\t\t\t\t\t\t\t\t\t\t\t\t\t\t\t<img loading=\"lazy\" decoding=\"async\" width=\"300\" height=\"300\" src=\"https:\/\/laululind.edu.ee\/eerika\/wp-content\/uploads\/2025\/02\/Peoleod-300x300.jpg\" class=\"attachment-medium size-medium wp-image-188\" alt=\"\" srcset=\"https:\/\/laululind.edu.ee\/eerika\/wp-content\/uploads\/2025\/02\/Peoleod-300x300.jpg 300w, https:\/\/laululind.edu.ee\/eerika\/wp-content\/uploads\/2025\/02\/Peoleod-150x150.jpg 150w, https:\/\/laululind.edu.ee\/eerika\/wp-content\/uploads\/2025\/02\/Peoleod-768x769.jpg 768w, https:\/\/laululind.edu.ee\/eerika\/wp-content\/uploads\/2025\/02\/Peoleod.jpg 1006w\" sizes=\"(max-width: 300px) 100vw, 300px\" \/>\t\t\t\t\t\t\t\t\t\t\t\t\t\t\t<\/div>\n\t\t\t\t<\/div>\n\t\t\t\t<div class=\"elementor-element elementor-element-71df7b7 elementor-widget elementor-widget-text-editor\" data-id=\"71df7b7\" data-element_type=\"widget\" data-e-type=\"widget\" data-widget_type=\"text-editor.default\">\n\t\t\t\t<div class=\"elementor-widget-container\">\n\t\t\t\t\t\t\t\t\t<p>R\u00fchm: Peoleod<br \/>+372 <span style=\"font-weight: 400;\">56 941 293<\/span><\/p>\t\t\t\t\t\t\t\t<\/div>\n\t\t\t\t<\/div>\n\t\t\t\t<\/div>\n\t\t\t\t<\/div>\n\t\t\t\t<\/div>\n\t\t\t\t\t<\/div>\n\t\t\t\t<\/div>\n\t\t<div class=\"elementor-element elementor-element-b0fd94b e-flex e-con-boxed e-con e-parent\" data-id=\"b0fd94b\" data-element_type=\"container\" data-e-type=\"container\">\n\t\t\t\t\t<div class=\"e-con-inner\">\n\t\t<div class=\"elementor-element elementor-element-e35621e e-con-full e-flex e-con e-child\" data-id=\"e35621e\" data-element_type=\"container\" data-e-type=\"container\">\n\t\t<div class=\"elementor-element elementor-element-4b99521 e-con-full e-flex e-con e-child\" data-id=\"4b99521\" data-element_type=\"container\" data-e-type=\"container\" data-settings=\"{&quot;background_background&quot;:&quot;classic&quot;}\">\n\t\t<div class=\"elementor-element elementor-element-8ac1424 e-grid e-con-full e-con e-child\" data-id=\"8ac1424\" data-element_type=\"container\" data-e-type=\"container\">\n\t\t<div class=\"elementor-element elementor-element-17c6f3a e-con-full e-flex e-con e-child\" data-id=\"17c6f3a\" data-element_type=\"container\" data-e-type=\"container\">\n\t\t\t\t<div class=\"elementor-element elementor-element-a9625c6 elementor-widget elementor-widget-image\" data-id=\"a9625c6\" data-element_type=\"widget\" data-e-type=\"widget\" data-widget_type=\"image.default\">\n\t\t\t\t<div class=\"elementor-widget-container\">\n\t\t\t\t\t\t\t\t\t\t\t\t\t\t\t<img loading=\"lazy\" decoding=\"async\" width=\"300\" height=\"300\" src=\"https:\/\/laululind.edu.ee\/eerika\/wp-content\/uploads\/2025\/02\/Siidisabad-300x300.jpg\" class=\"attachment-medium size-medium wp-image-189\" alt=\"\" srcset=\"https:\/\/laululind.edu.ee\/eerika\/wp-content\/uploads\/2025\/02\/Siidisabad-300x300.jpg 300w, https:\/\/laululind.edu.ee\/eerika\/wp-content\/uploads\/2025\/02\/Siidisabad-150x150.jpg 150w, https:\/\/laululind.edu.ee\/eerika\/wp-content\/uploads\/2025\/02\/Siidisabad-768x769.jpg 768w, https:\/\/laululind.edu.ee\/eerika\/wp-content\/uploads\/2025\/02\/Siidisabad.jpg 1006w\" sizes=\"(max-width: 300px) 100vw, 300px\" \/>\t\t\t\t\t\t\t\t\t\t\t\t\t\t\t<\/div>\n\t\t\t\t<\/div>\n\t\t\t\t<div class=\"elementor-element elementor-element-a0e9743 elementor-widget elementor-widget-text-editor\" data-id=\"a0e9743\" data-element_type=\"widget\" data-e-type=\"widget\" data-widget_type=\"text-editor.default\">\n\t\t\t\t<div class=\"elementor-widget-container\">\n\t\t\t\t\t\t\t\t\t<p><span style=\"font-weight: 400;\">R\u00fchm: Siidisabad<br \/>+372 56 842 122<\/span><\/p>\t\t\t\t\t\t\t\t<\/div>\n\t\t\t\t<\/div>\n\t\t\t\t<\/div>\n\t\t<div class=\"elementor-element elementor-element-ea61cbc e-con-full e-flex e-con e-child\" data-id=\"ea61cbc\" data-element_type=\"container\" data-e-type=\"container\">\n\t\t\t\t<\/div>\n\t\t<div class=\"elementor-element elementor-element-8e7c544 e-con-full e-flex e-con e-child\" data-id=\"8e7c544\" data-element_type=\"container\" data-e-type=\"container\" data-settings=\"{&quot;background_background&quot;:&quot;classic&quot;}\">\n\t\t\t\t<\/div>\n\t\t\t\t<\/div>\n\t\t\t\t<\/div>\n\t\t\t\t<\/div>\n\t\t\t\t\t<\/div>\n\t\t\t\t<\/div>\n\t\t\t\t<\/div>\n\t\t","protected":false},"excerpt":{"rendered":"<p>Meie lasteaias on seitse r\u00fchma, kus loome lastele turvalise ja toetava keskkonna. Iga laps saab avastada, \u00f5ppida ja areneda l\u00e4bi m\u00e4nguliste ning harivate tegevuste. Oluline&hellip;<\/p>\n","protected":false},"author":1,"featured_media":0,"parent":0,"menu_order":0,"comment_status":"closed","ping_status":"closed","template":"","meta":{"cybocfi_hide_featured_image":"","footnotes":""},"class_list":["post-263","page","type-page","status-publish","hentry"],"yoast_head":"<!-- This site is optimized with the Yoast SEO plugin v27.4 - https:\/\/yoast.com\/product\/yoast-seo-wordpress\/ -->\n<title>R\u00fchmad - Eerika Lasteaed Laululind<\/title>\n<meta name=\"robots\" content=\"index, follow, max-snippet:-1, max-image-preview:large, max-video-preview:-1\" \/>\n<link rel=\"canonical\" href=\"https:\/\/laululind.edu.ee\/eerika\/ruhmad\/\" \/>\n<meta property=\"og:locale\" content=\"et_EE\" \/>\n<meta property=\"og:type\" content=\"article\" \/>\n<meta property=\"og:title\" content=\"R\u00fchmad - Eerika Lasteaed Laululind\" \/>\n<meta property=\"og:description\" content=\"Meie lasteaias on seitse r\u00fchma, kus loome lastele turvalise ja toetava keskkonna. Iga laps saab avastada, \u00f5ppida ja areneda l\u00e4bi m\u00e4nguliste ning harivate tegevuste. Oluline&hellip;\" \/>\n<meta property=\"og:url\" content=\"https:\/\/laululind.edu.ee\/eerika\/ruhmad\/\" \/>\n<meta property=\"og:site_name\" content=\"Eerika Lasteaed Laululind\" \/>\n<meta property=\"article:modified_time\" content=\"2025-02-23T06:34:38+00:00\" \/>\n<meta property=\"og:image\" content=\"https:\/\/laululind.edu.ee\/eerika\/wp-content\/uploads\/2025\/02\/Jaalinnud.jpg\" \/>\n\t<meta property=\"og:image:width\" content=\"1006\" \/>\n\t<meta property=\"og:image:height\" content=\"1007\" \/>\n\t<meta property=\"og:image:type\" content=\"image\/jpeg\" \/>\n<meta name=\"twitter:card\" content=\"summary_large_image\" \/>\n<meta name=\"twitter:label1\" content=\"Est. reading time\" \/>\n\t<meta name=\"twitter:data1\" content=\"2 minutit\" \/>\n<script type=\"application\/ld+json\" class=\"yoast-schema-graph\">{\"@context\":\"https:\\\/\\\/schema.org\",\"@graph\":[{\"@type\":\"WebPage\",\"@id\":\"https:\\\/\\\/laululind.edu.ee\\\/eerika\\\/ruhmad\\\/\",\"url\":\"https:\\\/\\\/laululind.edu.ee\\\/eerika\\\/ruhmad\\\/\",\"name\":\"R\u00fchmad - Eerika Lasteaed Laululind\",\"isPartOf\":{\"@id\":\"https:\\\/\\\/laululind.edu.ee\\\/eerika\\\/#website\"},\"primaryImageOfPage\":{\"@id\":\"https:\\\/\\\/laululind.edu.ee\\\/eerika\\\/ruhmad\\\/#primaryimage\"},\"image\":{\"@id\":\"https:\\\/\\\/laululind.edu.ee\\\/eerika\\\/ruhmad\\\/#primaryimage\"},\"thumbnailUrl\":\"https:\\\/\\\/laululind.edu.ee\\\/eerika\\\/wp-content\\\/uploads\\\/2025\\\/02\\\/Jaalinnud-300x300.jpg\",\"datePublished\":\"2025-02-23T06:28:09+00:00\",\"dateModified\":\"2025-02-23T06:34:38+00:00\",\"breadcrumb\":{\"@id\":\"https:\\\/\\\/laululind.edu.ee\\\/eerika\\\/ruhmad\\\/#breadcrumb\"},\"inLanguage\":\"et\",\"potentialAction\":[{\"@type\":\"ReadAction\",\"target\":[\"https:\\\/\\\/laululind.edu.ee\\\/eerika\\\/ruhmad\\\/\"]}]},{\"@type\":\"ImageObject\",\"inLanguage\":\"et\",\"@id\":\"https:\\\/\\\/laululind.edu.ee\\\/eerika\\\/ruhmad\\\/#primaryimage\",\"url\":\"https:\\\/\\\/laululind.edu.ee\\\/eerika\\\/wp-content\\\/uploads\\\/2025\\\/02\\\/Jaalinnud.jpg\",\"contentUrl\":\"https:\\\/\\\/laululind.edu.ee\\\/eerika\\\/wp-content\\\/uploads\\\/2025\\\/02\\\/Jaalinnud.jpg\",\"width\":1006,\"height\":1007},{\"@type\":\"BreadcrumbList\",\"@id\":\"https:\\\/\\\/laululind.edu.ee\\\/eerika\\\/ruhmad\\\/#breadcrumb\",\"itemListElement\":[{\"@type\":\"ListItem\",\"position\":1,\"name\":\"Home\",\"item\":\"https:\\\/\\\/laululind.edu.ee\\\/eerika\\\/\"},{\"@type\":\"ListItem\",\"position\":2,\"name\":\"R\u00fchmad\"}]},{\"@type\":\"WebSite\",\"@id\":\"https:\\\/\\\/laululind.edu.ee\\\/eerika\\\/#website\",\"url\":\"https:\\\/\\\/laululind.edu.ee\\\/eerika\\\/\",\"name\":\"Eerika Lasteaed Laululind\",\"description\":\"Eerika Lasteaed Laululind\",\"publisher\":{\"@id\":\"https:\\\/\\\/laululind.edu.ee\\\/eerika\\\/#organization\"},\"potentialAction\":[{\"@type\":\"SearchAction\",\"target\":{\"@type\":\"EntryPoint\",\"urlTemplate\":\"https:\\\/\\\/laululind.edu.ee\\\/eerika\\\/?s={search_term_string}\"},\"query-input\":{\"@type\":\"PropertyValueSpecification\",\"valueRequired\":true,\"valueName\":\"search_term_string\"}}],\"inLanguage\":\"et\"},{\"@type\":\"Organization\",\"@id\":\"https:\\\/\\\/laululind.edu.ee\\\/eerika\\\/#organization\",\"name\":\"Eerika Lasteaed Laululind\",\"url\":\"https:\\\/\\\/laululind.edu.ee\\\/eerika\\\/\",\"logo\":{\"@type\":\"ImageObject\",\"inLanguage\":\"et\",\"@id\":\"https:\\\/\\\/laululind.edu.ee\\\/eerika\\\/#\\\/schema\\\/logo\\\/image\\\/\",\"url\":\"https:\\\/\\\/laululind.edu.ee\\\/eerika\\\/wp-content\\\/uploads\\\/2025\\\/02\\\/logo-Laululinnu-lasteaed-120x70-1.jpg\",\"contentUrl\":\"https:\\\/\\\/laululind.edu.ee\\\/eerika\\\/wp-content\\\/uploads\\\/2025\\\/02\\\/logo-Laululinnu-lasteaed-120x70-1.jpg\",\"width\":120,\"height\":70,\"caption\":\"Eerika Lasteaed Laululind\"},\"image\":{\"@id\":\"https:\\\/\\\/laululind.edu.ee\\\/eerika\\\/#\\\/schema\\\/logo\\\/image\\\/\"}}]}<\/script>\n<!-- \/ Yoast SEO plugin. -->","yoast_head_json":{"title":"R\u00fchmad - Eerika Lasteaed Laululind","robots":{"index":"index","follow":"follow","max-snippet":"max-snippet:-1","max-image-preview":"max-image-preview:large","max-video-preview":"max-video-preview:-1"},"canonical":"https:\/\/laululind.edu.ee\/eerika\/ruhmad\/","og_locale":"et_EE","og_type":"article","og_title":"R\u00fchmad - Eerika Lasteaed Laululind","og_description":"Meie lasteaias on seitse r\u00fchma, kus loome lastele turvalise ja toetava keskkonna. Iga laps saab avastada, \u00f5ppida ja areneda l\u00e4bi m\u00e4nguliste ning harivate tegevuste. Oluline&hellip;","og_url":"https:\/\/laululind.edu.ee\/eerika\/ruhmad\/","og_site_name":"Eerika Lasteaed Laululind","article_modified_time":"2025-02-23T06:34:38+00:00","og_image":[{"width":1006,"height":1007,"url":"https:\/\/laululind.edu.ee\/eerika\/wp-content\/uploads\/2025\/02\/Jaalinnud.jpg","type":"image\/jpeg"}],"twitter_card":"summary_large_image","twitter_misc":{"Est. reading time":"2 minutit"},"schema":{"@context":"https:\/\/schema.org","@graph":[{"@type":"WebPage","@id":"https:\/\/laululind.edu.ee\/eerika\/ruhmad\/","url":"https:\/\/laululind.edu.ee\/eerika\/ruhmad\/","name":"R\u00fchmad - Eerika Lasteaed Laululind","isPartOf":{"@id":"https:\/\/laululind.edu.ee\/eerika\/#website"},"primaryImageOfPage":{"@id":"https:\/\/laululind.edu.ee\/eerika\/ruhmad\/#primaryimage"},"image":{"@id":"https:\/\/laululind.edu.ee\/eerika\/ruhmad\/#primaryimage"},"thumbnailUrl":"https:\/\/laululind.edu.ee\/eerika\/wp-content\/uploads\/2025\/02\/Jaalinnud-300x300.jpg","datePublished":"2025-02-23T06:28:09+00:00","dateModified":"2025-02-23T06:34:38+00:00","breadcrumb":{"@id":"https:\/\/laululind.edu.ee\/eerika\/ruhmad\/#breadcrumb"},"inLanguage":"et","potentialAction":[{"@type":"ReadAction","target":["https:\/\/laululind.edu.ee\/eerika\/ruhmad\/"]}]},{"@type":"ImageObject","inLanguage":"et","@id":"https:\/\/laululind.edu.ee\/eerika\/ruhmad\/#primaryimage","url":"https:\/\/laululind.edu.ee\/eerika\/wp-content\/uploads\/2025\/02\/Jaalinnud.jpg","contentUrl":"https:\/\/laululind.edu.ee\/eerika\/wp-content\/uploads\/2025\/02\/Jaalinnud.jpg","width":1006,"height":1007},{"@type":"BreadcrumbList","@id":"https:\/\/laululind.edu.ee\/eerika\/ruhmad\/#breadcrumb","itemListElement":[{"@type":"ListItem","position":1,"name":"Home","item":"https:\/\/laululind.edu.ee\/eerika\/"},{"@type":"ListItem","position":2,"name":"R\u00fchmad"}]},{"@type":"WebSite","@id":"https:\/\/laululind.edu.ee\/eerika\/#website","url":"https:\/\/laululind.edu.ee\/eerika\/","name":"Eerika Lasteaed Laululind","description":"Eerika Lasteaed Laululind","publisher":{"@id":"https:\/\/laululind.edu.ee\/eerika\/#organization"},"potentialAction":[{"@type":"SearchAction","target":{"@type":"EntryPoint","urlTemplate":"https:\/\/laululind.edu.ee\/eerika\/?s={search_term_string}"},"query-input":{"@type":"PropertyValueSpecification","valueRequired":true,"valueName":"search_term_string"}}],"inLanguage":"et"},{"@type":"Organization","@id":"https:\/\/laululind.edu.ee\/eerika\/#organization","name":"Eerika Lasteaed Laululind","url":"https:\/\/laululind.edu.ee\/eerika\/","logo":{"@type":"ImageObject","inLanguage":"et","@id":"https:\/\/laululind.edu.ee\/eerika\/#\/schema\/logo\/image\/","url":"https:\/\/laululind.edu.ee\/eerika\/wp-content\/uploads\/2025\/02\/logo-Laululinnu-lasteaed-120x70-1.jpg","contentUrl":"https:\/\/laululind.edu.ee\/eerika\/wp-content\/uploads\/2025\/02\/logo-Laululinnu-lasteaed-120x70-1.jpg","width":120,"height":70,"caption":"Eerika Lasteaed Laululind"},"image":{"@id":"https:\/\/laululind.edu.ee\/eerika\/#\/schema\/logo\/image\/"}}]}},"_links":{"self":[{"href":"https:\/\/laululind.edu.ee\/eerika\/wp-json\/wp\/v2\/pages\/263","targetHints":{"allow":["GET"]}}],"collection":[{"href":"https:\/\/laululind.edu.ee\/eerika\/wp-json\/wp\/v2\/pages"}],"about":[{"href":"https:\/\/laululind.edu.ee\/eerika\/wp-json\/wp\/v2\/types\/page"}],"author":[{"embeddable":true,"href":"https:\/\/laululind.edu.ee\/eerika\/wp-json\/wp\/v2\/users\/1"}],"replies":[{"embeddable":true,"href":"https:\/\/laululind.edu.ee\/eerika\/wp-json\/wp\/v2\/comments?post=263"}],"version-history":[{"count":3,"href":"https:\/\/laululind.edu.ee\/eerika\/wp-json\/wp\/v2\/pages\/263\/revisions"}],"predecessor-version":[{"id":272,"href":"https:\/\/laululind.edu.ee\/eerika\/wp-json\/wp\/v2\/pages\/263\/revisions\/272"}],"wp:attachment":[{"href":"https:\/\/laululind.edu.ee\/eerika\/wp-json\/wp\/v2\/media?parent=263"}],"curies":[{"name":"wp","href":"https:\/\/api.w.org\/{rel}","templated":true}]}}