    {"id":287,"date":"2025-02-23T06:51:02","date_gmt":"2025-02-23T06:51:02","guid":{"rendered":"https:\/\/laululind.edu.ee\/eerika\/?page_id=287"},"modified":"2025-10-27T11:15:24","modified_gmt":"2025-10-27T11:15:24","slug":"paevakava","status":"publish","type":"page","link":"https:\/\/laululind.edu.ee\/eerika\/paevakava\/","title":{"rendered":"P\u00e4evakava"},"content":{"rendered":"\t\t<div data-elementor-type=\"wp-page\" data-elementor-id=\"287\" class=\"elementor elementor-287\">\n\t\t\t\t<div class=\"elementor-element elementor-element-f9c92f6 e-flex e-con-boxed e-con e-parent\" data-id=\"f9c92f6\" data-element_type=\"container\" data-e-type=\"container\">\n\t\t\t\t\t<div class=\"e-con-inner\">\n\t\t\t\t<div class=\"elementor-element elementor-element-177a94e elementor-widget elementor-widget-text-editor\" data-id=\"177a94e\" data-element_type=\"widget\" data-e-type=\"widget\" data-widget_type=\"text-editor.default\">\n\t\t\t\t<div class=\"elementor-widget-container\">\n\t\t\t\t\t\t\t\t\t<p>Meie lasteaias on kindel p\u00e4evakava, mis aitab lastel tunda end turvaliselt ja toetab nende arengut. R\u00fctmiline p\u00e4ev loob kindlustunde ja aitab lastel paremini kohaneda nii m\u00e4ngu kui puhkehetkedega.<\/p><p>P\u00e4evakavasse v\u00f5ib tulla v\u00e4ikseid jooksvaid muudatusi s\u00f5ltuvalt grupi vanusest, ilmastikuoludest v\u00f5i erilistest s\u00fcndmustest (nt teatrik\u00fclastused, matkad, s\u00fcnnip\u00e4evad jms).<\/p>\t\t\t\t\t\t\t\t<\/div>\n\t\t\t\t<\/div>\n\t\t\t\t\t<\/div>\n\t\t\t\t<\/div>\n\t\t<div class=\"elementor-element elementor-element-016e0fb e-flex e-con-boxed e-con e-parent\" data-id=\"016e0fb\" data-element_type=\"container\" data-e-type=\"container\">\n\t\t\t\t\t<div class=\"e-con-inner\">\n\t\t\t\t<div class=\"elementor-element elementor-element-93059f3 elementor-widget elementor-widget-image\" data-id=\"93059f3\" data-element_type=\"widget\" data-e-type=\"widget\" data-widget_type=\"image.default\">\n\t\t\t\t<div class=\"elementor-widget-container\">\n\t\t\t\t\t\t\t\t\t\t\t\t\t\t\t<img fetchpriority=\"high\" decoding=\"async\" width=\"1536\" height=\"1086\" src=\"https:\/\/laululind.edu.ee\/eerika\/wp-content\/uploads\/2025\/10\/Eerika-paevakava-1536x1086.png\" class=\"attachment-1536x1536 size-1536x1536 wp-image-622\" alt=\"\" srcset=\"https:\/\/laululind.edu.ee\/eerika\/wp-content\/uploads\/2025\/10\/Eerika-paevakava-1536x1086.png 1536w, https:\/\/laululind.edu.ee\/eerika\/wp-content\/uploads\/2025\/10\/Eerika-paevakava-300x212.png 300w, https:\/\/laululind.edu.ee\/eerika\/wp-content\/uploads\/2025\/10\/Eerika-paevakava-1024x724.png 1024w, https:\/\/laululind.edu.ee\/eerika\/wp-content\/uploads\/2025\/10\/Eerika-paevakava-768x543.png 768w, https:\/\/laululind.edu.ee\/eerika\/wp-content\/uploads\/2025\/10\/Eerika-paevakava.png 2000w\" sizes=\"(max-width: 1536px) 100vw, 1536px\" \/>\t\t\t\t\t\t\t\t\t\t\t\t\t\t\t<\/div>\n\t\t\t\t<\/div>\n\t\t\t\t\t<\/div>\n\t\t\t\t<\/div>\n\t\t\t\t<\/div>\n\t\t","protected":false},"excerpt":{"rendered":"<p>Meie lasteaias on kindel p\u00e4evakava, mis aitab lastel tunda end turvaliselt ja toetab nende arengut. R\u00fctmiline p\u00e4ev loob kindlustunde ja aitab lastel paremini kohaneda nii&hellip;<\/p>\n","protected":false},"author":1,"featured_media":0,"parent":0,"menu_order":0,"comment_status":"closed","ping_status":"closed","template":"","meta":{"cybocfi_hide_featured_image":"","footnotes":""},"class_list":["post-287","page","type-page","status-publish","hentry"],"yoast_head":"<!-- This site is optimized with the Yoast SEO plugin v27.5 - https:\/\/yoast.com\/product\/yoast-seo-wordpress\/ -->\n<title>P\u00e4evakava - Eerika Lasteaed Laululind<\/title>\n<meta name=\"robots\" content=\"index, follow, max-snippet:-1, max-image-preview:large, max-video-preview:-1\" \/>\n<link rel=\"canonical\" href=\"https:\/\/laululind.edu.ee\/eerika\/paevakava\/\" \/>\n<meta property=\"og:locale\" content=\"et_EE\" \/>\n<meta property=\"og:type\" content=\"article\" \/>\n<meta property=\"og:title\" content=\"P\u00e4evakava - Eerika Lasteaed Laululind\" \/>\n<meta property=\"og:description\" content=\"Meie lasteaias on kindel p\u00e4evakava, mis aitab lastel tunda end turvaliselt ja toetab nende arengut. R\u00fctmiline p\u00e4ev loob kindlustunde ja aitab lastel paremini kohaneda nii&hellip;\" \/>\n<meta property=\"og:url\" content=\"https:\/\/laululind.edu.ee\/eerika\/paevakava\/\" \/>\n<meta property=\"og:site_name\" content=\"Eerika Lasteaed Laululind\" \/>\n<meta property=\"article:modified_time\" content=\"2025-10-27T11:15:24+00:00\" \/>\n<meta property=\"og:image\" content=\"https:\/\/laululind.edu.ee\/eerika\/wp-content\/uploads\/2025\/10\/Eerika-paevakava-1536x1086.png\" \/>\n<meta name=\"twitter:card\" content=\"summary_large_image\" \/>\n<meta name=\"twitter:label1\" content=\"Est. reading time\" \/>\n\t<meta name=\"twitter:data1\" content=\"1 minut\" \/>\n<script type=\"application\/ld+json\" class=\"yoast-schema-graph\">{\"@context\":\"https:\\\/\\\/schema.org\",\"@graph\":[{\"@type\":\"WebPage\",\"@id\":\"https:\\\/\\\/laululind.edu.ee\\\/eerika\\\/paevakava\\\/\",\"url\":\"https:\\\/\\\/laululind.edu.ee\\\/eerika\\\/paevakava\\\/\",\"name\":\"P\u00e4evakava - Eerika Lasteaed Laululind\",\"isPartOf\":{\"@id\":\"https:\\\/\\\/laululind.edu.ee\\\/eerika\\\/#website\"},\"primaryImageOfPage\":{\"@id\":\"https:\\\/\\\/laululind.edu.ee\\\/eerika\\\/paevakava\\\/#primaryimage\"},\"image\":{\"@id\":\"https:\\\/\\\/laululind.edu.ee\\\/eerika\\\/paevakava\\\/#primaryimage\"},\"thumbnailUrl\":\"https:\\\/\\\/laululind.edu.ee\\\/eerika\\\/wp-content\\\/uploads\\\/2025\\\/10\\\/Eerika-paevakava-1536x1086.png\",\"datePublished\":\"2025-02-23T06:51:02+00:00\",\"dateModified\":\"2025-10-27T11:15:24+00:00\",\"breadcrumb\":{\"@id\":\"https:\\\/\\\/laululind.edu.ee\\\/eerika\\\/paevakava\\\/#breadcrumb\"},\"inLanguage\":\"et\",\"potentialAction\":[{\"@type\":\"ReadAction\",\"target\":[\"https:\\\/\\\/laululind.edu.ee\\\/eerika\\\/paevakava\\\/\"]}]},{\"@type\":\"ImageObject\",\"inLanguage\":\"et\",\"@id\":\"https:\\\/\\\/laululind.edu.ee\\\/eerika\\\/paevakava\\\/#primaryimage\",\"url\":\"https:\\\/\\\/laululind.edu.ee\\\/eerika\\\/wp-content\\\/uploads\\\/2025\\\/10\\\/Eerika-paevakava.png\",\"contentUrl\":\"https:\\\/\\\/laululind.edu.ee\\\/eerika\\\/wp-content\\\/uploads\\\/2025\\\/10\\\/Eerika-paevakava.png\",\"width\":2000,\"height\":1414},{\"@type\":\"BreadcrumbList\",\"@id\":\"https:\\\/\\\/laululind.edu.ee\\\/eerika\\\/paevakava\\\/#breadcrumb\",\"itemListElement\":[{\"@type\":\"ListItem\",\"position\":1,\"name\":\"Home\",\"item\":\"https:\\\/\\\/laululind.edu.ee\\\/eerika\\\/\"},{\"@type\":\"ListItem\",\"position\":2,\"name\":\"P\u00e4evakava\"}]},{\"@type\":\"WebSite\",\"@id\":\"https:\\\/\\\/laululind.edu.ee\\\/eerika\\\/#website\",\"url\":\"https:\\\/\\\/laululind.edu.ee\\\/eerika\\\/\",\"name\":\"Eerika Lasteaed Laululind\",\"description\":\"Eerika Lasteaed Laululind\",\"publisher\":{\"@id\":\"https:\\\/\\\/laululind.edu.ee\\\/eerika\\\/#organization\"},\"potentialAction\":[{\"@type\":\"SearchAction\",\"target\":{\"@type\":\"EntryPoint\",\"urlTemplate\":\"https:\\\/\\\/laululind.edu.ee\\\/eerika\\\/?s={search_term_string}\"},\"query-input\":{\"@type\":\"PropertyValueSpecification\",\"valueRequired\":true,\"valueName\":\"search_term_string\"}}],\"inLanguage\":\"et\"},{\"@type\":\"Organization\",\"@id\":\"https:\\\/\\\/laululind.edu.ee\\\/eerika\\\/#organization\",\"name\":\"Eerika Lasteaed Laululind\",\"url\":\"https:\\\/\\\/laululind.edu.ee\\\/eerika\\\/\",\"logo\":{\"@type\":\"ImageObject\",\"inLanguage\":\"et\",\"@id\":\"https:\\\/\\\/laululind.edu.ee\\\/eerika\\\/#\\\/schema\\\/logo\\\/image\\\/\",\"url\":\"https:\\\/\\\/laululind.edu.ee\\\/eerika\\\/wp-content\\\/uploads\\\/2025\\\/02\\\/logo-Laululinnu-lasteaed-120x70-1.jpg\",\"contentUrl\":\"https:\\\/\\\/laululind.edu.ee\\\/eerika\\\/wp-content\\\/uploads\\\/2025\\\/02\\\/logo-Laululinnu-lasteaed-120x70-1.jpg\",\"width\":120,\"height\":70,\"caption\":\"Eerika Lasteaed Laululind\"},\"image\":{\"@id\":\"https:\\\/\\\/laululind.edu.ee\\\/eerika\\\/#\\\/schema\\\/logo\\\/image\\\/\"}}]}<\/script>\n<!-- \/ Yoast SEO plugin. -->","yoast_head_json":{"title":"P\u00e4evakava - Eerika Lasteaed Laululind","robots":{"index":"index","follow":"follow","max-snippet":"max-snippet:-1","max-image-preview":"max-image-preview:large","max-video-preview":"max-video-preview:-1"},"canonical":"https:\/\/laululind.edu.ee\/eerika\/paevakava\/","og_locale":"et_EE","og_type":"article","og_title":"P\u00e4evakava - Eerika Lasteaed Laululind","og_description":"Meie lasteaias on kindel p\u00e4evakava, mis aitab lastel tunda end turvaliselt ja toetab nende arengut. R\u00fctmiline p\u00e4ev loob kindlustunde ja aitab lastel paremini kohaneda nii&hellip;","og_url":"https:\/\/laululind.edu.ee\/eerika\/paevakava\/","og_site_name":"Eerika Lasteaed Laululind","article_modified_time":"2025-10-27T11:15:24+00:00","og_image":[{"url":"https:\/\/laululind.edu.ee\/eerika\/wp-content\/uploads\/2025\/10\/Eerika-paevakava-1536x1086.png","type":"","width":"","height":""}],"twitter_card":"summary_large_image","twitter_misc":{"Est. reading time":"1 minut"},"schema":{"@context":"https:\/\/schema.org","@graph":[{"@type":"WebPage","@id":"https:\/\/laululind.edu.ee\/eerika\/paevakava\/","url":"https:\/\/laululind.edu.ee\/eerika\/paevakava\/","name":"P\u00e4evakava - Eerika Lasteaed Laululind","isPartOf":{"@id":"https:\/\/laululind.edu.ee\/eerika\/#website"},"primaryImageOfPage":{"@id":"https:\/\/laululind.edu.ee\/eerika\/paevakava\/#primaryimage"},"image":{"@id":"https:\/\/laululind.edu.ee\/eerika\/paevakava\/#primaryimage"},"thumbnailUrl":"https:\/\/laululind.edu.ee\/eerika\/wp-content\/uploads\/2025\/10\/Eerika-paevakava-1536x1086.png","datePublished":"2025-02-23T06:51:02+00:00","dateModified":"2025-10-27T11:15:24+00:00","breadcrumb":{"@id":"https:\/\/laululind.edu.ee\/eerika\/paevakava\/#breadcrumb"},"inLanguage":"et","potentialAction":[{"@type":"ReadAction","target":["https:\/\/laululind.edu.ee\/eerika\/paevakava\/"]}]},{"@type":"ImageObject","inLanguage":"et","@id":"https:\/\/laululind.edu.ee\/eerika\/paevakava\/#primaryimage","url":"https:\/\/laululind.edu.ee\/eerika\/wp-content\/uploads\/2025\/10\/Eerika-paevakava.png","contentUrl":"https:\/\/laululind.edu.ee\/eerika\/wp-content\/uploads\/2025\/10\/Eerika-paevakava.png","width":2000,"height":1414},{"@type":"BreadcrumbList","@id":"https:\/\/laululind.edu.ee\/eerika\/paevakava\/#breadcrumb","itemListElement":[{"@type":"ListItem","position":1,"name":"Home","item":"https:\/\/laululind.edu.ee\/eerika\/"},{"@type":"ListItem","position":2,"name":"P\u00e4evakava"}]},{"@type":"WebSite","@id":"https:\/\/laululind.edu.ee\/eerika\/#website","url":"https:\/\/laululind.edu.ee\/eerika\/","name":"Eerika Lasteaed Laululind","description":"Eerika Lasteaed Laululind","publisher":{"@id":"https:\/\/laululind.edu.ee\/eerika\/#organization"},"potentialAction":[{"@type":"SearchAction","target":{"@type":"EntryPoint","urlTemplate":"https:\/\/laululind.edu.ee\/eerika\/?s={search_term_string}"},"query-input":{"@type":"PropertyValueSpecification","valueRequired":true,"valueName":"search_term_string"}}],"inLanguage":"et"},{"@type":"Organization","@id":"https:\/\/laululind.edu.ee\/eerika\/#organization","name":"Eerika Lasteaed Laululind","url":"https:\/\/laululind.edu.ee\/eerika\/","logo":{"@type":"ImageObject","inLanguage":"et","@id":"https:\/\/laululind.edu.ee\/eerika\/#\/schema\/logo\/image\/","url":"https:\/\/laululind.edu.ee\/eerika\/wp-content\/uploads\/2025\/02\/logo-Laululinnu-lasteaed-120x70-1.jpg","contentUrl":"https:\/\/laululind.edu.ee\/eerika\/wp-content\/uploads\/2025\/02\/logo-Laululinnu-lasteaed-120x70-1.jpg","width":120,"height":70,"caption":"Eerika Lasteaed Laululind"},"image":{"@id":"https:\/\/laululind.edu.ee\/eerika\/#\/schema\/logo\/image\/"}}]}},"_links":{"self":[{"href":"https:\/\/laululind.edu.ee\/eerika\/wp-json\/wp\/v2\/pages\/287","targetHints":{"allow":["GET"]}}],"collection":[{"href":"https:\/\/laululind.edu.ee\/eerika\/wp-json\/wp\/v2\/pages"}],"about":[{"href":"https:\/\/laululind.edu.ee\/eerika\/wp-json\/wp\/v2\/types\/page"}],"author":[{"embeddable":true,"href":"https:\/\/laululind.edu.ee\/eerika\/wp-json\/wp\/v2\/users\/1"}],"replies":[{"embeddable":true,"href":"https:\/\/laululind.edu.ee\/eerika\/wp-json\/wp\/v2\/comments?post=287"}],"version-history":[{"count":5,"href":"https:\/\/laululind.edu.ee\/eerika\/wp-json\/wp\/v2\/pages\/287\/revisions"}],"predecessor-version":[{"id":625,"href":"https:\/\/laululind.edu.ee\/eerika\/wp-json\/wp\/v2\/pages\/287\/revisions\/625"}],"wp:attachment":[{"href":"https:\/\/laululind.edu.ee\/eerika\/wp-json\/wp\/v2\/media?parent=287"}],"curies":[{"name":"wp","href":"https:\/\/api.w.org\/{rel}","templated":true}]}}