    {"id":300,"date":"2025-02-23T06:53:15","date_gmt":"2025-02-23T06:53:15","guid":{"rendered":"https:\/\/laululind.edu.ee\/eerika\/?page_id=300"},"modified":"2025-02-23T06:54:20","modified_gmt":"2025-02-23T06:54:20","slug":"vastuvott-ja-valjaarvamine","status":"publish","type":"page","link":"https:\/\/laululind.edu.ee\/eerika\/vastuvott-ja-valjaarvamine\/","title":{"rendered":"Vastuv\u00f5tt ja v\u00e4ljaarvamine"},"content":{"rendered":"\t\t<div data-elementor-type=\"wp-page\" data-elementor-id=\"300\" class=\"elementor elementor-300\">\n\t\t\t\t<div class=\"elementor-element elementor-element-976f44c e-flex e-con-boxed e-con e-parent\" data-id=\"976f44c\" data-element_type=\"container\" data-e-type=\"container\">\n\t\t\t\t\t<div class=\"e-con-inner\">\n\t\t<div class=\"elementor-element elementor-element-6abe25a e-con-full e-flex e-con e-child\" data-id=\"6abe25a\" data-element_type=\"container\" data-e-type=\"container\">\n\t\t\t\t<div class=\"elementor-element elementor-element-3ba6eef elementor-widget elementor-widget-text-editor\" data-id=\"3ba6eef\" data-element_type=\"widget\" data-e-type=\"widget\" data-widget_type=\"text-editor.default\">\n\t\t\t\t<div class=\"elementor-widget-container\">\n\t\t\t\t\t\t\t\t\t<p>Soinaste lasteaia Laululind ja filiaali teeninduspiirkond on \u2013 K\u00fclitse alevik, Laane k\u00fcla, Lemmatsi k\u00fcla, Lepiku k\u00fcla, L\u00e4ti k\u00fcla, Reola k\u00fcla, R\u00e4ni alevik, Soinaste k\u00fcla, Soosilla k\u00fcla, T\u00f5rvandi alevik, T\u00e4svere k\u00fcla, Uhti k\u00fcla, \u00d5ssu k\u00fcla, \u00dclenurme alevik.<\/p><div class=\"td-page-content tagdiv-type\"><h3><strong>Lasteaeda vastuv\u00f5etavad lapsed<\/strong><\/h3><ul><li>Lapsele lasteaiakoha taotlemiseks tekib lapse vanemal, eestkostjal v\u00f5i hooldajal\u00a0\u00f5igus, kui lapse elukoht koos v\u00e4hemalt \u00fche vanemaga on Eesti rahvastikuregistri andmetel Kambja vald.<\/li><\/ul><h3>Lasteaiakoha taotlemine<\/h3><ul><li><strong>Lasteaiakoha taotlemiseks esitab lapse vanem v\u00f5i eestkostja vallavalitsusele\u00a0<a href=\"https:\/\/www.kambja.ee\/lasteaiakoha-taotlemine\" target=\"_blank\" rel=\"noopener\">taotluse<\/a>\u00a0Kambja valla haridusteenuste haldamise s\u00fcsteemis ARNO.<\/strong><\/li><\/ul><hr \/><ul><li><strong><a href=\"https:\/\/www.riigiteataja.ee\/akt\/413072024001\" target=\"_blank\" rel=\"noopener\">Kambja valla koolieelsesse lasteasutusse laste vastuv\u00f5tu ja sealt v\u00e4ljaarvamise kord<\/a><\/strong><\/li><li><strong><a href=\"https:\/\/www.kambja.ee\/lasteaiakoha-taotlemine\" target=\"_blank\" rel=\"noopener\">Taotluse esitamine<\/a><\/strong><\/li><\/ul><\/div>\t\t\t\t\t\t\t\t<\/div>\n\t\t\t\t<\/div>\n\t\t\t\t<\/div>\n\t\t\t\t\t<\/div>\n\t\t\t\t<\/div>\n\t\t\t\t<\/div>\n\t\t","protected":false},"excerpt":{"rendered":"<p>Soinaste lasteaia Laululind ja filiaali teeninduspiirkond on \u2013 K\u00fclitse alevik, Laane k\u00fcla, Lemmatsi k\u00fcla, Lepiku k\u00fcla, L\u00e4ti k\u00fcla, Reola k\u00fcla, R\u00e4ni alevik, Soinaste k\u00fcla, Soosilla&hellip;<\/p>\n","protected":false},"author":1,"featured_media":0,"parent":0,"menu_order":0,"comment_status":"closed","ping_status":"closed","template":"","meta":{"cybocfi_hide_featured_image":"","footnotes":""},"class_list":["post-300","page","type-page","status-publish","hentry"],"yoast_head":"<!-- This site is optimized with the Yoast SEO plugin v27.4 - https:\/\/yoast.com\/product\/yoast-seo-wordpress\/ -->\n<title>Vastuv\u00f5tt ja v\u00e4ljaarvamine - Eerika Lasteaed Laululind<\/title>\n<meta name=\"robots\" content=\"index, follow, max-snippet:-1, max-image-preview:large, max-video-preview:-1\" \/>\n<link rel=\"canonical\" href=\"https:\/\/laululind.edu.ee\/eerika\/vastuvott-ja-valjaarvamine\/\" \/>\n<meta property=\"og:locale\" content=\"et_EE\" \/>\n<meta property=\"og:type\" content=\"article\" \/>\n<meta property=\"og:title\" content=\"Vastuv\u00f5tt ja v\u00e4ljaarvamine - Eerika Lasteaed Laululind\" \/>\n<meta property=\"og:description\" content=\"Soinaste lasteaia Laululind ja filiaali teeninduspiirkond on \u2013 K\u00fclitse alevik, Laane k\u00fcla, Lemmatsi k\u00fcla, Lepiku k\u00fcla, L\u00e4ti k\u00fcla, Reola k\u00fcla, R\u00e4ni alevik, Soinaste k\u00fcla, Soosilla&hellip;\" \/>\n<meta property=\"og:url\" content=\"https:\/\/laululind.edu.ee\/eerika\/vastuvott-ja-valjaarvamine\/\" \/>\n<meta property=\"og:site_name\" content=\"Eerika Lasteaed Laululind\" \/>\n<meta property=\"article:modified_time\" content=\"2025-02-23T06:54:20+00:00\" \/>\n<meta name=\"twitter:card\" content=\"summary_large_image\" \/>\n<meta name=\"twitter:label1\" content=\"Est. reading time\" \/>\n\t<meta name=\"twitter:data1\" content=\"1 minut\" \/>\n<script type=\"application\/ld+json\" class=\"yoast-schema-graph\">{\"@context\":\"https:\\\/\\\/schema.org\",\"@graph\":[{\"@type\":\"WebPage\",\"@id\":\"https:\\\/\\\/laululind.edu.ee\\\/eerika\\\/vastuvott-ja-valjaarvamine\\\/\",\"url\":\"https:\\\/\\\/laululind.edu.ee\\\/eerika\\\/vastuvott-ja-valjaarvamine\\\/\",\"name\":\"Vastuv\u00f5tt ja v\u00e4ljaarvamine - Eerika Lasteaed Laululind\",\"isPartOf\":{\"@id\":\"https:\\\/\\\/laululind.edu.ee\\\/eerika\\\/#website\"},\"datePublished\":\"2025-02-23T06:53:15+00:00\",\"dateModified\":\"2025-02-23T06:54:20+00:00\",\"breadcrumb\":{\"@id\":\"https:\\\/\\\/laululind.edu.ee\\\/eerika\\\/vastuvott-ja-valjaarvamine\\\/#breadcrumb\"},\"inLanguage\":\"et\",\"potentialAction\":[{\"@type\":\"ReadAction\",\"target\":[\"https:\\\/\\\/laululind.edu.ee\\\/eerika\\\/vastuvott-ja-valjaarvamine\\\/\"]}]},{\"@type\":\"BreadcrumbList\",\"@id\":\"https:\\\/\\\/laululind.edu.ee\\\/eerika\\\/vastuvott-ja-valjaarvamine\\\/#breadcrumb\",\"itemListElement\":[{\"@type\":\"ListItem\",\"position\":1,\"name\":\"Home\",\"item\":\"https:\\\/\\\/laululind.edu.ee\\\/eerika\\\/\"},{\"@type\":\"ListItem\",\"position\":2,\"name\":\"Vastuv\u00f5tt ja v\u00e4ljaarvamine\"}]},{\"@type\":\"WebSite\",\"@id\":\"https:\\\/\\\/laululind.edu.ee\\\/eerika\\\/#website\",\"url\":\"https:\\\/\\\/laululind.edu.ee\\\/eerika\\\/\",\"name\":\"Eerika Lasteaed Laululind\",\"description\":\"Eerika Lasteaed Laululind\",\"publisher\":{\"@id\":\"https:\\\/\\\/laululind.edu.ee\\\/eerika\\\/#organization\"},\"potentialAction\":[{\"@type\":\"SearchAction\",\"target\":{\"@type\":\"EntryPoint\",\"urlTemplate\":\"https:\\\/\\\/laululind.edu.ee\\\/eerika\\\/?s={search_term_string}\"},\"query-input\":{\"@type\":\"PropertyValueSpecification\",\"valueRequired\":true,\"valueName\":\"search_term_string\"}}],\"inLanguage\":\"et\"},{\"@type\":\"Organization\",\"@id\":\"https:\\\/\\\/laululind.edu.ee\\\/eerika\\\/#organization\",\"name\":\"Eerika Lasteaed Laululind\",\"url\":\"https:\\\/\\\/laululind.edu.ee\\\/eerika\\\/\",\"logo\":{\"@type\":\"ImageObject\",\"inLanguage\":\"et\",\"@id\":\"https:\\\/\\\/laululind.edu.ee\\\/eerika\\\/#\\\/schema\\\/logo\\\/image\\\/\",\"url\":\"https:\\\/\\\/laululind.edu.ee\\\/eerika\\\/wp-content\\\/uploads\\\/2025\\\/02\\\/logo-Laululinnu-lasteaed-120x70-1.jpg\",\"contentUrl\":\"https:\\\/\\\/laululind.edu.ee\\\/eerika\\\/wp-content\\\/uploads\\\/2025\\\/02\\\/logo-Laululinnu-lasteaed-120x70-1.jpg\",\"width\":120,\"height\":70,\"caption\":\"Eerika Lasteaed Laululind\"},\"image\":{\"@id\":\"https:\\\/\\\/laululind.edu.ee\\\/eerika\\\/#\\\/schema\\\/logo\\\/image\\\/\"}}]}<\/script>\n<!-- \/ Yoast SEO plugin. -->","yoast_head_json":{"title":"Vastuv\u00f5tt ja v\u00e4ljaarvamine - Eerika Lasteaed Laululind","robots":{"index":"index","follow":"follow","max-snippet":"max-snippet:-1","max-image-preview":"max-image-preview:large","max-video-preview":"max-video-preview:-1"},"canonical":"https:\/\/laululind.edu.ee\/eerika\/vastuvott-ja-valjaarvamine\/","og_locale":"et_EE","og_type":"article","og_title":"Vastuv\u00f5tt ja v\u00e4ljaarvamine - Eerika Lasteaed Laululind","og_description":"Soinaste lasteaia Laululind ja filiaali teeninduspiirkond on \u2013 K\u00fclitse alevik, Laane k\u00fcla, Lemmatsi k\u00fcla, Lepiku k\u00fcla, L\u00e4ti k\u00fcla, Reola k\u00fcla, R\u00e4ni alevik, Soinaste k\u00fcla, Soosilla&hellip;","og_url":"https:\/\/laululind.edu.ee\/eerika\/vastuvott-ja-valjaarvamine\/","og_site_name":"Eerika Lasteaed Laululind","article_modified_time":"2025-02-23T06:54:20+00:00","twitter_card":"summary_large_image","twitter_misc":{"Est. reading time":"1 minut"},"schema":{"@context":"https:\/\/schema.org","@graph":[{"@type":"WebPage","@id":"https:\/\/laululind.edu.ee\/eerika\/vastuvott-ja-valjaarvamine\/","url":"https:\/\/laululind.edu.ee\/eerika\/vastuvott-ja-valjaarvamine\/","name":"Vastuv\u00f5tt ja v\u00e4ljaarvamine - Eerika Lasteaed Laululind","isPartOf":{"@id":"https:\/\/laululind.edu.ee\/eerika\/#website"},"datePublished":"2025-02-23T06:53:15+00:00","dateModified":"2025-02-23T06:54:20+00:00","breadcrumb":{"@id":"https:\/\/laululind.edu.ee\/eerika\/vastuvott-ja-valjaarvamine\/#breadcrumb"},"inLanguage":"et","potentialAction":[{"@type":"ReadAction","target":["https:\/\/laululind.edu.ee\/eerika\/vastuvott-ja-valjaarvamine\/"]}]},{"@type":"BreadcrumbList","@id":"https:\/\/laululind.edu.ee\/eerika\/vastuvott-ja-valjaarvamine\/#breadcrumb","itemListElement":[{"@type":"ListItem","position":1,"name":"Home","item":"https:\/\/laululind.edu.ee\/eerika\/"},{"@type":"ListItem","position":2,"name":"Vastuv\u00f5tt ja v\u00e4ljaarvamine"}]},{"@type":"WebSite","@id":"https:\/\/laululind.edu.ee\/eerika\/#website","url":"https:\/\/laululind.edu.ee\/eerika\/","name":"Eerika Lasteaed Laululind","description":"Eerika Lasteaed Laululind","publisher":{"@id":"https:\/\/laululind.edu.ee\/eerika\/#organization"},"potentialAction":[{"@type":"SearchAction","target":{"@type":"EntryPoint","urlTemplate":"https:\/\/laululind.edu.ee\/eerika\/?s={search_term_string}"},"query-input":{"@type":"PropertyValueSpecification","valueRequired":true,"valueName":"search_term_string"}}],"inLanguage":"et"},{"@type":"Organization","@id":"https:\/\/laululind.edu.ee\/eerika\/#organization","name":"Eerika Lasteaed Laululind","url":"https:\/\/laululind.edu.ee\/eerika\/","logo":{"@type":"ImageObject","inLanguage":"et","@id":"https:\/\/laululind.edu.ee\/eerika\/#\/schema\/logo\/image\/","url":"https:\/\/laululind.edu.ee\/eerika\/wp-content\/uploads\/2025\/02\/logo-Laululinnu-lasteaed-120x70-1.jpg","contentUrl":"https:\/\/laululind.edu.ee\/eerika\/wp-content\/uploads\/2025\/02\/logo-Laululinnu-lasteaed-120x70-1.jpg","width":120,"height":70,"caption":"Eerika Lasteaed Laululind"},"image":{"@id":"https:\/\/laululind.edu.ee\/eerika\/#\/schema\/logo\/image\/"}}]}},"_links":{"self":[{"href":"https:\/\/laululind.edu.ee\/eerika\/wp-json\/wp\/v2\/pages\/300","targetHints":{"allow":["GET"]}}],"collection":[{"href":"https:\/\/laululind.edu.ee\/eerika\/wp-json\/wp\/v2\/pages"}],"about":[{"href":"https:\/\/laululind.edu.ee\/eerika\/wp-json\/wp\/v2\/types\/page"}],"author":[{"embeddable":true,"href":"https:\/\/laululind.edu.ee\/eerika\/wp-json\/wp\/v2\/users\/1"}],"replies":[{"embeddable":true,"href":"https:\/\/laululind.edu.ee\/eerika\/wp-json\/wp\/v2\/comments?post=300"}],"version-history":[{"count":4,"href":"https:\/\/laululind.edu.ee\/eerika\/wp-json\/wp\/v2\/pages\/300\/revisions"}],"predecessor-version":[{"id":304,"href":"https:\/\/laululind.edu.ee\/eerika\/wp-json\/wp\/v2\/pages\/300\/revisions\/304"}],"wp:attachment":[{"href":"https:\/\/laululind.edu.ee\/eerika\/wp-json\/wp\/v2\/media?parent=300"}],"curies":[{"name":"wp","href":"https:\/\/api.w.org\/{rel}","templated":true}]}}