    {"id":38,"date":"2025-01-05T07:25:09","date_gmt":"2025-01-05T07:25:09","guid":{"rendered":"https:\/\/laululind.edu.ee\/eerika\/?page_id=38"},"modified":"2025-03-04T07:38:34","modified_gmt":"2025-03-04T07:38:34","slug":"lasteaiast","status":"publish","type":"page","link":"https:\/\/laululind.edu.ee\/eerika\/lasteaiast\/","title":{"rendered":"Lasteaiast"},"content":{"rendered":"\t\t<div data-elementor-type=\"wp-page\" data-elementor-id=\"38\" class=\"elementor elementor-38\">\n\t\t\t\t<div class=\"elementor-element elementor-element-b5c1293 e-flex e-con-boxed e-con e-parent\" data-id=\"b5c1293\" data-element_type=\"container\" data-e-type=\"container\">\n\t\t\t\t\t<div class=\"e-con-inner\">\n\t\t<div class=\"elementor-element elementor-element-beea2dd e-con-full e-flex e-con e-child\" data-id=\"beea2dd\" data-element_type=\"container\" data-e-type=\"container\">\n\t\t\t\t<div class=\"elementor-element elementor-element-27658cf elementor-widget elementor-widget-text-editor\" data-id=\"27658cf\" data-element_type=\"widget\" data-e-type=\"widget\" data-widget_type=\"text-editor.default\">\n\t\t\t\t<div class=\"elementor-widget-container\">\n\t\t\t\t\t\t\t\t\t<p><strong>Eerika Lasteaed Laululind<\/strong><\/p><p><span style=\"font-weight: 400;\">Aadress: Eerika tee 1, \u00d5ssu, 61713 Kambja vald, Tartumaa<br \/><\/span><span style=\"font-weight: 400;\">tel <a href=\"http:\/\/+372 5334 5280\" data-wplink-url-error=\"true\">+372 5334 5280<\/a><br \/><\/span><span style=\"font-weight: 400;\">e-post: <a href=\"mailto:laululind@laululind.edu.ee\">laululind@laululind.edu.ee<\/a><br \/><\/span><span style=\"font-weight: 400;\">Registrinumber: 75038291<\/span><\/p><p><span style=\"font-weight: 400;\">Eerika lasteaed Laululind on Kambja Vallavalitsuse hallatav asutus. Teenistuslikku j\u00e4relevalvet, millega kontrollitakse \u00f5ppeasutuse juhtimise ja tegevuse seaduslikkust ning otstarbekust, teostab vallavalitsus.<\/span><\/p><p><span style=\"font-weight: 400;\">Riiklikku ja haldusj\u00e4relevalvet, millega kontrollitakse vaid \u00f5ppe- ja kasvatustegevuse \u00f5igusp\u00e4rasust, teostab haridus- ja teadusministeerium.<br \/>e-post <\/span><a href=\"mailto:hm@hm.ee\"><span style=\"font-weight: 400;\">hm@hm.ee<\/span><\/a>;<span style=\"font-weight: 400;\">\u00a0<\/span><a href=\"https:\/\/www.hm.ee\"><span style=\"font-weight: 400;\">https:\/\/www.hm.ee<\/span><\/a><\/p>\t\t\t\t\t\t\t\t<\/div>\n\t\t\t\t<\/div>\n\t\t\t\t<\/div>\n\t\t\t\t\t<\/div>\n\t\t\t\t<\/div>\n\t\t<div class=\"elementor-element elementor-element-ed3306e e-flex e-con-boxed e-con e-parent\" data-id=\"ed3306e\" data-element_type=\"container\" data-e-type=\"container\">\n\t\t\t\t\t<div class=\"e-con-inner\">\n\t\t<div class=\"elementor-element elementor-element-1bbe3c5 e-grid e-con-full e-con e-child\" data-id=\"1bbe3c5\" data-element_type=\"container\" data-e-type=\"container\">\n\t\t\t\t<div class=\"elementor-element elementor-element-46945b0 elementor-widget elementor-widget-text-editor\" data-id=\"46945b0\" data-element_type=\"widget\" data-e-type=\"widget\" data-widget_type=\"text-editor.default\">\n\t\t\t\t<div class=\"elementor-widget-container\">\n\t\t\t\t\t\t\t\t\t<p><span style=\"font-weight: 400;\">Eerika \u00f5ppekoht on kohandatud endisest k\u00f5rgkooli \u00f5ppehoonest. Lasteaed tegutseb kolmel korrusel. K\u00f6\u00f6k ja s\u00f6\u00f6gisaal asub 0-korrusel. R\u00fchmad Laulur\u00e4stad, Peoleod, Metsvindid, \u00d6\u00f6kullid, Lehelinnud, Siidisabad ja J\u00e4\u00e4linnud tegutsevad esimesel ja teisel korrusel ning lisaks on \u00f5ppe- ja kasvatustegevust v\u00f5imalik l\u00e4bi viia liikumis- ja muusikatoas. Eerika personal ja lapsed on oma uue lasteaia hoone ehituse ootus\u00e4revuses.\u00a0<\/span><\/p><p>\u00a0<\/p>\t\t\t\t\t\t\t\t<\/div>\n\t\t\t\t<\/div>\n\t\t\t\t<div class=\"elementor-element elementor-element-35be90d elementor-widget elementor-widget-image\" data-id=\"35be90d\" data-element_type=\"widget\" data-e-type=\"widget\" data-widget_type=\"image.default\">\n\t\t\t\t<div class=\"elementor-widget-container\">\n\t\t\t\t\t\t\t\t\t\t\t\t\t\t\t<img fetchpriority=\"high\" decoding=\"async\" width=\"1024\" height=\"682\" src=\"https:\/\/laululind.edu.ee\/eerika\/wp-content\/uploads\/2025\/02\/Maja-03937-2-web-1-1024x682.jpg\" class=\"attachment-large size-large wp-image-283\" alt=\"\" srcset=\"https:\/\/laululind.edu.ee\/eerika\/wp-content\/uploads\/2025\/02\/Maja-03937-2-web-1-1024x682.jpg 1024w, https:\/\/laululind.edu.ee\/eerika\/wp-content\/uploads\/2025\/02\/Maja-03937-2-web-1-300x200.jpg 300w, https:\/\/laululind.edu.ee\/eerika\/wp-content\/uploads\/2025\/02\/Maja-03937-2-web-1-768x512.jpg 768w, https:\/\/laululind.edu.ee\/eerika\/wp-content\/uploads\/2025\/02\/Maja-03937-2-web-1-1536x1023.jpg 1536w, https:\/\/laululind.edu.ee\/eerika\/wp-content\/uploads\/2025\/02\/Maja-03937-2-web-1.jpg 1630w\" sizes=\"(max-width: 1024px) 100vw, 1024px\" \/>\t\t\t\t\t\t\t\t\t\t\t\t\t\t\t<\/div>\n\t\t\t\t<\/div>\n\t\t\t\t<\/div>\n\t\t\t\t\t<\/div>\n\t\t\t\t<\/div>\n\t\t<div class=\"elementor-element elementor-element-e6889b2 e-flex e-con-boxed e-con e-parent\" data-id=\"e6889b2\" data-element_type=\"container\" data-e-type=\"container\">\n\t\t\t\t\t<div class=\"e-con-inner\">\n\t\t\t\t<div class=\"elementor-element elementor-element-0fb5551 elementor-widget elementor-widget-text-editor\" data-id=\"0fb5551\" data-element_type=\"widget\" data-e-type=\"widget\" data-widget_type=\"text-editor.default\">\n\t\t\t\t<div class=\"elementor-widget-container\">\n\t\t\t\t\t\t\t\t\t<p><span style=\"font-weight: 400;\">Eerika \u00f5ppekohas on loodud \u00f5ueala, kus lastel on v\u00f5imalik lustida nii suvel kui talvel. Mitmekesiseid \u00f5ppimis ja liikumisv\u00f5imalusi pakuvad l\u00e4hedal asuv Raja park, Tartu linnas olevad muuseumid, vaatamisv\u00e4\u00e4rsused ja m\u00e4nguv\u00e4ljakud (seda toetab hea linnaliini bussi\u00fchendus),. Toimub hea koost\u00f6\u00f6 IcoPark O\u00dc-ga.<\/span><\/p>\t\t\t\t\t\t\t\t<\/div>\n\t\t\t\t<\/div>\n\t\t\t\t\t<\/div>\n\t\t\t\t<\/div>\n\t\t\t\t<\/div>\n\t\t","protected":false},"excerpt":{"rendered":"<p>Eerika Lasteaed Laululind Aadress: Eerika tee 1, \u00d5ssu, 61713 Kambja vald, Tartumaa tel +372 5334 5280 e-post: laululind@laululind.edu.ee Registrinumber: 75038291 Eerika lasteaed Laululind on Kambja&hellip;<\/p>\n","protected":false},"author":1,"featured_media":431,"parent":0,"menu_order":0,"comment_status":"closed","ping_status":"closed","template":"","meta":{"cybocfi_hide_featured_image":"yes","footnotes":""},"class_list":["post-38","page","type-page","status-publish","has-post-thumbnail","hentry"],"yoast_head":"<!-- This site is optimized with the Yoast SEO plugin v27.3 - https:\/\/yoast.com\/product\/yoast-seo-wordpress\/ -->\n<title>Lasteaiast - Eerika Lasteaed Laululind<\/title>\n<meta name=\"robots\" content=\"index, follow, max-snippet:-1, max-image-preview:large, max-video-preview:-1\" \/>\n<link rel=\"canonical\" href=\"https:\/\/laululind.edu.ee\/eerika\/lasteaiast\/\" \/>\n<meta property=\"og:locale\" content=\"et_EE\" \/>\n<meta property=\"og:type\" content=\"article\" \/>\n<meta property=\"og:title\" content=\"Lasteaiast - Eerika Lasteaed Laululind\" \/>\n<meta property=\"og:description\" content=\"Eerika Lasteaed Laululind Aadress: Eerika tee 1, \u00d5ssu, 61713 Kambja vald, Tartumaa tel +372 5334 5280 e-post: laululind@laululind.edu.ee Registrinumber: 75038291 Eerika lasteaed Laululind on Kambja&hellip;\" \/>\n<meta property=\"og:url\" content=\"https:\/\/laululind.edu.ee\/eerika\/lasteaiast\/\" \/>\n<meta property=\"og:site_name\" content=\"Eerika Lasteaed Laululind\" \/>\n<meta property=\"article:modified_time\" content=\"2025-03-04T07:38:34+00:00\" \/>\n<meta property=\"og:image\" content=\"https:\/\/laululind.edu.ee\/eerika\/wp-content\/uploads\/2025\/03\/Slider_1.jpg\" \/>\n\t<meta property=\"og:image:width\" content=\"2501\" \/>\n\t<meta property=\"og:image:height\" content=\"801\" \/>\n\t<meta property=\"og:image:type\" content=\"image\/jpeg\" \/>\n<meta name=\"twitter:card\" content=\"summary_large_image\" \/>\n<meta name=\"twitter:label1\" content=\"Est. reading time\" \/>\n\t<meta name=\"twitter:data1\" content=\"2 minutit\" \/>\n<script type=\"application\/ld+json\" class=\"yoast-schema-graph\">{\"@context\":\"https:\\\/\\\/schema.org\",\"@graph\":[{\"@type\":\"WebPage\",\"@id\":\"https:\\\/\\\/laululind.edu.ee\\\/eerika\\\/lasteaiast\\\/\",\"url\":\"https:\\\/\\\/laululind.edu.ee\\\/eerika\\\/lasteaiast\\\/\",\"name\":\"Lasteaiast - Eerika Lasteaed Laululind\",\"isPartOf\":{\"@id\":\"https:\\\/\\\/laululind.edu.ee\\\/eerika\\\/#website\"},\"primaryImageOfPage\":{\"@id\":\"https:\\\/\\\/laululind.edu.ee\\\/eerika\\\/lasteaiast\\\/#primaryimage\"},\"image\":{\"@id\":\"https:\\\/\\\/laululind.edu.ee\\\/eerika\\\/lasteaiast\\\/#primaryimage\"},\"thumbnailUrl\":\"https:\\\/\\\/laululind.edu.ee\\\/eerika\\\/wp-content\\\/uploads\\\/2025\\\/03\\\/Slider_1.jpg\",\"datePublished\":\"2025-01-05T07:25:09+00:00\",\"dateModified\":\"2025-03-04T07:38:34+00:00\",\"breadcrumb\":{\"@id\":\"https:\\\/\\\/laululind.edu.ee\\\/eerika\\\/lasteaiast\\\/#breadcrumb\"},\"inLanguage\":\"et\",\"potentialAction\":[{\"@type\":\"ReadAction\",\"target\":[\"https:\\\/\\\/laululind.edu.ee\\\/eerika\\\/lasteaiast\\\/\"]}]},{\"@type\":\"BreadcrumbList\",\"@id\":\"https:\\\/\\\/laululind.edu.ee\\\/eerika\\\/lasteaiast\\\/#breadcrumb\",\"itemListElement\":[{\"@type\":\"ListItem\",\"position\":1,\"name\":\"Home\",\"item\":\"https:\\\/\\\/laululind.edu.ee\\\/eerika\\\/\"},{\"@type\":\"ListItem\",\"position\":2,\"name\":\"Lasteaiast\"}]},{\"@type\":\"WebSite\",\"@id\":\"https:\\\/\\\/laululind.edu.ee\\\/eerika\\\/#website\",\"url\":\"https:\\\/\\\/laululind.edu.ee\\\/eerika\\\/\",\"name\":\"Eerika Lasteaed Laululind\",\"description\":\"Eerika Lasteaed Laululind\",\"publisher\":{\"@id\":\"https:\\\/\\\/laululind.edu.ee\\\/eerika\\\/#organization\"},\"potentialAction\":[{\"@type\":\"SearchAction\",\"target\":{\"@type\":\"EntryPoint\",\"urlTemplate\":\"https:\\\/\\\/laululind.edu.ee\\\/eerika\\\/?s={search_term_string}\"},\"query-input\":{\"@type\":\"PropertyValueSpecification\",\"valueRequired\":true,\"valueName\":\"search_term_string\"}}],\"inLanguage\":\"et\"},{\"@type\":\"Organization\",\"@id\":\"https:\\\/\\\/laululind.edu.ee\\\/eerika\\\/#organization\",\"name\":\"Eerika Lasteaed Laululind\",\"url\":\"https:\\\/\\\/laululind.edu.ee\\\/eerika\\\/\",\"logo\":{\"@type\":\"ImageObject\",\"inLanguage\":\"et\",\"@id\":\"https:\\\/\\\/laululind.edu.ee\\\/eerika\\\/#\\\/schema\\\/logo\\\/image\\\/\",\"url\":\"https:\\\/\\\/laululind.edu.ee\\\/eerika\\\/wp-content\\\/uploads\\\/2025\\\/02\\\/logo-Laululinnu-lasteaed-120x70-1.jpg\",\"contentUrl\":\"https:\\\/\\\/laululind.edu.ee\\\/eerika\\\/wp-content\\\/uploads\\\/2025\\\/02\\\/logo-Laululinnu-lasteaed-120x70-1.jpg\",\"width\":120,\"height\":70,\"caption\":\"Eerika Lasteaed Laululind\"},\"image\":{\"@id\":\"https:\\\/\\\/laululind.edu.ee\\\/eerika\\\/#\\\/schema\\\/logo\\\/image\\\/\"}}]}<\/script>\n<!-- \/ Yoast SEO plugin. -->","yoast_head_json":{"title":"Lasteaiast - Eerika Lasteaed Laululind","robots":{"index":"index","follow":"follow","max-snippet":"max-snippet:-1","max-image-preview":"max-image-preview:large","max-video-preview":"max-video-preview:-1"},"canonical":"https:\/\/laululind.edu.ee\/eerika\/lasteaiast\/","og_locale":"et_EE","og_type":"article","og_title":"Lasteaiast - Eerika Lasteaed Laululind","og_description":"Eerika Lasteaed Laululind Aadress: Eerika tee 1, \u00d5ssu, 61713 Kambja vald, Tartumaa tel +372 5334 5280 e-post: laululind@laululind.edu.ee Registrinumber: 75038291 Eerika lasteaed Laululind on Kambja&hellip;","og_url":"https:\/\/laululind.edu.ee\/eerika\/lasteaiast\/","og_site_name":"Eerika Lasteaed Laululind","article_modified_time":"2025-03-04T07:38:34+00:00","og_image":[{"width":2501,"height":801,"url":"https:\/\/laululind.edu.ee\/eerika\/wp-content\/uploads\/2025\/03\/Slider_1.jpg","type":"image\/jpeg"}],"twitter_card":"summary_large_image","twitter_misc":{"Est. reading time":"2 minutit"},"schema":{"@context":"https:\/\/schema.org","@graph":[{"@type":"WebPage","@id":"https:\/\/laululind.edu.ee\/eerika\/lasteaiast\/","url":"https:\/\/laululind.edu.ee\/eerika\/lasteaiast\/","name":"Lasteaiast - Eerika Lasteaed Laululind","isPartOf":{"@id":"https:\/\/laululind.edu.ee\/eerika\/#website"},"primaryImageOfPage":{"@id":"https:\/\/laululind.edu.ee\/eerika\/lasteaiast\/#primaryimage"},"image":{"@id":"https:\/\/laululind.edu.ee\/eerika\/lasteaiast\/#primaryimage"},"thumbnailUrl":"https:\/\/laululind.edu.ee\/eerika\/wp-content\/uploads\/2025\/03\/Slider_1.jpg","datePublished":"2025-01-05T07:25:09+00:00","dateModified":"2025-03-04T07:38:34+00:00","breadcrumb":{"@id":"https:\/\/laululind.edu.ee\/eerika\/lasteaiast\/#breadcrumb"},"inLanguage":"et","potentialAction":[{"@type":"ReadAction","target":["https:\/\/laululind.edu.ee\/eerika\/lasteaiast\/"]}]},{"@type":"BreadcrumbList","@id":"https:\/\/laululind.edu.ee\/eerika\/lasteaiast\/#breadcrumb","itemListElement":[{"@type":"ListItem","position":1,"name":"Home","item":"https:\/\/laululind.edu.ee\/eerika\/"},{"@type":"ListItem","position":2,"name":"Lasteaiast"}]},{"@type":"WebSite","@id":"https:\/\/laululind.edu.ee\/eerika\/#website","url":"https:\/\/laululind.edu.ee\/eerika\/","name":"Eerika Lasteaed Laululind","description":"Eerika Lasteaed Laululind","publisher":{"@id":"https:\/\/laululind.edu.ee\/eerika\/#organization"},"potentialAction":[{"@type":"SearchAction","target":{"@type":"EntryPoint","urlTemplate":"https:\/\/laululind.edu.ee\/eerika\/?s={search_term_string}"},"query-input":{"@type":"PropertyValueSpecification","valueRequired":true,"valueName":"search_term_string"}}],"inLanguage":"et"},{"@type":"Organization","@id":"https:\/\/laululind.edu.ee\/eerika\/#organization","name":"Eerika Lasteaed Laululind","url":"https:\/\/laululind.edu.ee\/eerika\/","logo":{"@type":"ImageObject","inLanguage":"et","@id":"https:\/\/laululind.edu.ee\/eerika\/#\/schema\/logo\/image\/","url":"https:\/\/laululind.edu.ee\/eerika\/wp-content\/uploads\/2025\/02\/logo-Laululinnu-lasteaed-120x70-1.jpg","contentUrl":"https:\/\/laululind.edu.ee\/eerika\/wp-content\/uploads\/2025\/02\/logo-Laululinnu-lasteaed-120x70-1.jpg","width":120,"height":70,"caption":"Eerika Lasteaed Laululind"},"image":{"@id":"https:\/\/laululind.edu.ee\/eerika\/#\/schema\/logo\/image\/"}}]}},"_links":{"self":[{"href":"https:\/\/laululind.edu.ee\/eerika\/wp-json\/wp\/v2\/pages\/38","targetHints":{"allow":["GET"]}}],"collection":[{"href":"https:\/\/laululind.edu.ee\/eerika\/wp-json\/wp\/v2\/pages"}],"about":[{"href":"https:\/\/laululind.edu.ee\/eerika\/wp-json\/wp\/v2\/types\/page"}],"author":[{"embeddable":true,"href":"https:\/\/laululind.edu.ee\/eerika\/wp-json\/wp\/v2\/users\/1"}],"replies":[{"embeddable":true,"href":"https:\/\/laululind.edu.ee\/eerika\/wp-json\/wp\/v2\/comments?post=38"}],"version-history":[{"count":5,"href":"https:\/\/laululind.edu.ee\/eerika\/wp-json\/wp\/v2\/pages\/38\/revisions"}],"predecessor-version":[{"id":593,"href":"https:\/\/laululind.edu.ee\/eerika\/wp-json\/wp\/v2\/pages\/38\/revisions\/593"}],"wp:featuredmedia":[{"embeddable":true,"href":"https:\/\/laululind.edu.ee\/eerika\/wp-json\/wp\/v2\/media\/431"}],"wp:attachment":[{"href":"https:\/\/laululind.edu.ee\/eerika\/wp-json\/wp\/v2\/media?parent=38"}],"curies":[{"name":"wp","href":"https:\/\/api.w.org\/{rel}","templated":true}]}}