    {"id":27,"date":"2025-02-09T07:41:31","date_gmt":"2025-02-09T07:41:31","guid":{"rendered":"https:\/\/laululind.edu.ee\/soinaste\/?page_id=27"},"modified":"2025-03-17T15:30:33","modified_gmt":"2025-03-17T15:30:33","slug":"lasteaiast","status":"publish","type":"page","link":"https:\/\/laululind.edu.ee\/soinaste\/lasteaiast\/","title":{"rendered":"Lasteaiast"},"content":{"rendered":"\t\t<div data-elementor-type=\"wp-page\" data-elementor-id=\"27\" class=\"elementor elementor-27\">\n\t\t\t\t<div class=\"elementor-element elementor-element-520cf23 e-flex e-con-boxed e-con e-parent\" data-id=\"520cf23\" data-element_type=\"container\" data-e-type=\"container\">\n\t\t\t\t\t<div class=\"e-con-inner\">\n\t\t\t\t<div class=\"elementor-element elementor-element-40ce49f elementor-widget elementor-widget-text-editor\" data-id=\"40ce49f\" data-element_type=\"widget\" data-e-type=\"widget\" data-widget_type=\"text-editor.default\">\n\t\t\t\t<div class=\"elementor-widget-container\">\n\t\t\t\t\t\t\t\t\t<p><strong>Soinaste Lasteaed Laululind<\/strong><\/p><p><span style=\"font-weight: 400;\">Aadress: Kurepalu tee 1, Soinaste k\u00fcla, Kambja vald, 61709 Tartumaa<br \/><\/span><span style=\"font-weight: 400;\">tel <a href=\"http:\/\/+372 5334 5280\" data-wplink-url-error=\"true\">+372 5334 5280<\/a><br \/><\/span><span style=\"font-weight: 400;\">e-post: <a href=\"mailto:laululind@laululind.edu.ee\">laululind@laululind.edu.ee<\/a><br \/><\/span><span style=\"font-weight: 400;\">Registrinumber: 75038291<\/span><\/p><p><span style=\"font-weight: 400;\">Soinaste lasteaed Laululind on Kambja Vallavalitsuse hallatav asutus. Teenistuslikku j\u00e4relevalvet, millega kontrollitakse \u00f5ppeasutuse juhtimise ja tegevuse seaduslikkust ning otstarbekust, teostab vallavalitsus.<\/span><\/p><p><span style=\"font-weight: 400;\">Riiklikku ja haldusj\u00e4relevalvet, millega kontrollitakse vaid \u00f5ppe- ja kasvatustegevuse \u00f5igusp\u00e4rasust, teostab haridus- ja teadusministeerium.<br \/>e-post <\/span><a href=\"mailto:hm@hm.ee\"><span style=\"font-weight: 400;\">hm@hm.ee<\/span><\/a>;<span style=\"font-weight: 400;\">\u00a0<\/span><a href=\"https:\/\/www.hm.ee\"><span style=\"font-weight: 400;\">https:\/\/www.hm.ee<\/span><\/a><\/p>\t\t\t\t\t\t\t\t<\/div>\n\t\t\t\t<\/div>\n\t\t\t\t\t<\/div>\n\t\t\t\t<\/div>\n\t\t<div class=\"elementor-element elementor-element-8c73ed0 e-grid e-con-boxed e-con e-parent\" data-id=\"8c73ed0\" data-element_type=\"container\" data-e-type=\"container\">\n\t\t\t\t\t<div class=\"e-con-inner\">\n\t\t\t\t<div class=\"elementor-element elementor-element-db13215 elementor-widget elementor-widget-text-editor\" data-id=\"db13215\" data-element_type=\"widget\" data-e-type=\"widget\" data-widget_type=\"text-editor.default\">\n\t\t\t\t<div class=\"elementor-widget-container\">\n\t\t\t\t\t\t\t\t\t<p><b><br \/>Soinaste lasteaed Laululind<\/b><span style=\"font-weight: 400;\"> avas uksed 2. augustil 2013 aastal Soinaste k\u00fclas. Aasta hiljem avati teine \u00f5ppekoht \u00d5ssu k\u00fclas Eerikal.<\/span><\/p><p><span style=\"font-weight: 400;\">Lasteaia hoone projekteeris\u00a0 Projekt 02 O\u00dc arhitekt Kalli Metsalu. Soinaste lasteaia hoone kujundus on inspireeritud keskkonnast- krundil kasvavast kasemetsast. Hoone on funktsionaalselt jagatud kolme plokki, mida \u00fchendavad \u201ep\u00e4ikesetoad\u201c, valgusk\u00fcllased koridorilaiendused.\u00a0<\/span><\/p>\t\t\t\t\t\t\t\t<\/div>\n\t\t\t\t<\/div>\n\t\t\t\t<div class=\"elementor-element elementor-element-cabfe72 elementor-widget elementor-widget-image\" data-id=\"cabfe72\" data-element_type=\"widget\" data-e-type=\"widget\" data-widget_type=\"image.default\">\n\t\t\t\t<div class=\"elementor-widget-container\">\n\t\t\t\t\t\t\t\t\t\t\t\t\t\t\t<img fetchpriority=\"high\" decoding=\"async\" width=\"1024\" height=\"507\" src=\"https:\/\/laululind.edu.ee\/soinaste\/wp-content\/uploads\/2025\/02\/IMG_2729-Copy-1024x507.jpg\" class=\"attachment-large size-large wp-image-192\" alt=\"\" srcset=\"https:\/\/laululind.edu.ee\/soinaste\/wp-content\/uploads\/2025\/02\/IMG_2729-Copy-1024x507.jpg 1024w, https:\/\/laululind.edu.ee\/soinaste\/wp-content\/uploads\/2025\/02\/IMG_2729-Copy-300x149.jpg 300w, https:\/\/laululind.edu.ee\/soinaste\/wp-content\/uploads\/2025\/02\/IMG_2729-Copy-768x381.jpg 768w, https:\/\/laululind.edu.ee\/soinaste\/wp-content\/uploads\/2025\/02\/IMG_2729-Copy-1536x761.jpg 1536w, https:\/\/laululind.edu.ee\/soinaste\/wp-content\/uploads\/2025\/02\/IMG_2729-Copy-2048x1015.jpg 2048w\" sizes=\"(max-width: 1024px) 100vw, 1024px\" \/>\t\t\t\t\t\t\t\t\t\t\t\t\t\t\t<\/div>\n\t\t\t\t<\/div>\n\t\t\t\t\t<\/div>\n\t\t\t\t<\/div>\n\t\t<div class=\"elementor-element elementor-element-7d2d9181 e-flex e-con-boxed e-con e-parent\" data-id=\"7d2d9181\" data-element_type=\"container\" data-e-type=\"container\">\n\t\t\t\t\t<div class=\"e-con-inner\">\n\t\t\t\t<div class=\"elementor-element elementor-element-70469119 elementor-widget elementor-widget-text-editor\" data-id=\"70469119\" data-element_type=\"widget\" data-e-type=\"widget\" data-widget_type=\"text-editor.default\">\n\t\t\t\t<div class=\"elementor-widget-container\">\n\t\t\t\t\t\t\t\t\t<p><span style=\"font-weight: 400;\"> Iga plokk on kujundatud l\u00e4htuvalt mingi puu omap\u00e4rast ja igas plokis tegutseb 2 r\u00fchma. K\u00f5ige v\u00e4iksemad r\u00fchmad asuvad tammet\u00fcve \u00f5\u00f5nsuses, keskmised kaset\u00fcves ja kaks viimast r\u00fchma m\u00e4nnit\u00fcves. K\u00f6\u00f6gi, administratsiooni ja saali ruumide plokk on kontpuust inspireeritud.<\/span><\/p><p><span style=\"font-weight: 400;\">Soinaste \u00f5ppekoha l\u00e4heduses asuv Eesti P\u00f5llumajandusmuuseum ja dendropark soodustavad Johannes K\u00e4isi metoodika rakendamist ning Eesti kultuuritraditsioonide ja kodu v\u00e4\u00e4rtustamist.<\/span><\/p><p><span style=\"font-weight: 400;\">Lasteaia erip\u00e4ra kujundab ka \u00fcmbritseva keskkonnaga h\u00e4sti sobiv lasteaia nimi <\/span><b>Laululind<\/b><span style=\"font-weight: 400;\">, millest tulenevad r\u00fchmade nimed: Tihased, Leevikesed, \u00d6\u00f6bikud, Kuldnokad, L\u00f5okesed, P\u00e4\u00e4sukesed.<\/span><\/p><p><span style=\"font-weight: 400;\">2023-2025 renoveeriti Tiptiptap O\u00dc ka Kambja Vallavalitsuse koost\u00f6\u00f6s Soinastes lasteaia \u00f5ueala. <\/span><span style=\"font-weight: 400;\"><br \/><\/span><span style=\"font-weight: 400;\">\u00d5ueala kujundamisel kaasati lasteaia t\u00f6\u00f6tajaid ja lapsi ning l\u00f5pptulemusena on saavutatud v\u00e4ga omap\u00e4rane ja mitmekesiseid tegevusi v\u00f5imaldav \u00f5ueala.<\/span><\/p>\t\t\t\t\t\t\t\t<\/div>\n\t\t\t\t<\/div>\n\t\t\t\t\t<\/div>\n\t\t\t\t<\/div>\n\t\t\t\t<\/div>\n\t\t","protected":false},"excerpt":{"rendered":"<p>Soinaste Lasteaed Laululind Aadress: Kurepalu tee 1, Soinaste k\u00fcla, Kambja vald, 61709 Tartumaa tel +372 5334 5280 e-post: laululind@laululind.edu.ee Registrinumber: 75038291 Soinaste lasteaed Laululind on&hellip;<\/p>\n","protected":false},"author":1,"featured_media":574,"parent":0,"menu_order":0,"comment_status":"closed","ping_status":"closed","template":"","meta":{"cybocfi_hide_featured_image":"yes","footnotes":""},"class_list":["post-27","page","type-page","status-publish","has-post-thumbnail","hentry"],"yoast_head":"<!-- This site is optimized with the Yoast SEO plugin v27.4 - https:\/\/yoast.com\/product\/yoast-seo-wordpress\/ -->\n<title>Lasteaiast - Soinaste Lasteaed Laululind<\/title>\n<meta name=\"robots\" content=\"index, follow, max-snippet:-1, max-image-preview:large, max-video-preview:-1\" \/>\n<link rel=\"canonical\" href=\"https:\/\/laululind.edu.ee\/soinaste\/lasteaiast\/\" \/>\n<meta property=\"og:locale\" content=\"et_EE\" \/>\n<meta property=\"og:type\" content=\"article\" \/>\n<meta property=\"og:title\" content=\"Lasteaiast - Soinaste Lasteaed Laululind\" \/>\n<meta property=\"og:description\" content=\"Soinaste Lasteaed Laululind Aadress: Kurepalu tee 1, Soinaste k\u00fcla, Kambja vald, 61709 Tartumaa tel +372 5334 5280 e-post: laululind@laululind.edu.ee Registrinumber: 75038291 Soinaste lasteaed Laululind on&hellip;\" \/>\n<meta property=\"og:url\" content=\"https:\/\/laululind.edu.ee\/soinaste\/lasteaiast\/\" \/>\n<meta property=\"og:site_name\" content=\"Soinaste Lasteaed Laululind\" \/>\n<meta property=\"article:modified_time\" content=\"2025-03-17T15:30:33+00:00\" \/>\n<meta property=\"og:image\" content=\"https:\/\/laululind.edu.ee\/soinaste\/wp-content\/uploads\/2025\/03\/Slider_1-1.jpg\" \/>\n\t<meta property=\"og:image:width\" content=\"2501\" \/>\n\t<meta property=\"og:image:height\" content=\"801\" \/>\n\t<meta property=\"og:image:type\" content=\"image\/jpeg\" \/>\n<meta name=\"twitter:card\" content=\"summary_large_image\" \/>\n<meta name=\"twitter:label1\" content=\"Est. reading time\" \/>\n\t<meta name=\"twitter:data1\" content=\"2 minutit\" \/>\n<script type=\"application\/ld+json\" class=\"yoast-schema-graph\">{\"@context\":\"https:\\\/\\\/schema.org\",\"@graph\":[{\"@type\":\"WebPage\",\"@id\":\"https:\\\/\\\/laululind.edu.ee\\\/soinaste\\\/lasteaiast\\\/\",\"url\":\"https:\\\/\\\/laululind.edu.ee\\\/soinaste\\\/lasteaiast\\\/\",\"name\":\"Lasteaiast - Soinaste Lasteaed Laululind\",\"isPartOf\":{\"@id\":\"https:\\\/\\\/laululind.edu.ee\\\/soinaste\\\/#website\"},\"primaryImageOfPage\":{\"@id\":\"https:\\\/\\\/laululind.edu.ee\\\/soinaste\\\/lasteaiast\\\/#primaryimage\"},\"image\":{\"@id\":\"https:\\\/\\\/laululind.edu.ee\\\/soinaste\\\/lasteaiast\\\/#primaryimage\"},\"thumbnailUrl\":\"https:\\\/\\\/laululind.edu.ee\\\/soinaste\\\/wp-content\\\/uploads\\\/2025\\\/03\\\/Slider_1-1.jpg\",\"datePublished\":\"2025-02-09T07:41:31+00:00\",\"dateModified\":\"2025-03-17T15:30:33+00:00\",\"breadcrumb\":{\"@id\":\"https:\\\/\\\/laululind.edu.ee\\\/soinaste\\\/lasteaiast\\\/#breadcrumb\"},\"inLanguage\":\"et\",\"potentialAction\":[{\"@type\":\"ReadAction\",\"target\":[\"https:\\\/\\\/laululind.edu.ee\\\/soinaste\\\/lasteaiast\\\/\"]}]},{\"@type\":\"BreadcrumbList\",\"@id\":\"https:\\\/\\\/laululind.edu.ee\\\/soinaste\\\/lasteaiast\\\/#breadcrumb\",\"itemListElement\":[{\"@type\":\"ListItem\",\"position\":1,\"name\":\"Home\",\"item\":\"https:\\\/\\\/laululind.edu.ee\\\/soinaste\\\/\"},{\"@type\":\"ListItem\",\"position\":2,\"name\":\"Lasteaiast\"}]},{\"@type\":\"WebSite\",\"@id\":\"https:\\\/\\\/laululind.edu.ee\\\/soinaste\\\/#website\",\"url\":\"https:\\\/\\\/laululind.edu.ee\\\/soinaste\\\/\",\"name\":\"Soinaste Lasteaed Laululind\",\"description\":\"Soinaste Lasteaed Laululind\",\"publisher\":{\"@id\":\"https:\\\/\\\/laululind.edu.ee\\\/soinaste\\\/#organization\"},\"potentialAction\":[{\"@type\":\"SearchAction\",\"target\":{\"@type\":\"EntryPoint\",\"urlTemplate\":\"https:\\\/\\\/laululind.edu.ee\\\/soinaste\\\/?s={search_term_string}\"},\"query-input\":{\"@type\":\"PropertyValueSpecification\",\"valueRequired\":true,\"valueName\":\"search_term_string\"}}],\"inLanguage\":\"et\"},{\"@type\":\"Organization\",\"@id\":\"https:\\\/\\\/laululind.edu.ee\\\/soinaste\\\/#organization\",\"name\":\"Soinaste Lasteaed Laululind\",\"url\":\"https:\\\/\\\/laululind.edu.ee\\\/soinaste\\\/\",\"logo\":{\"@type\":\"ImageObject\",\"inLanguage\":\"et\",\"@id\":\"https:\\\/\\\/laululind.edu.ee\\\/soinaste\\\/#\\\/schema\\\/logo\\\/image\\\/\",\"url\":\"https:\\\/\\\/laululind.edu.ee\\\/soinaste\\\/wp-content\\\/uploads\\\/2025\\\/02\\\/logo-Laululinnu-lasteaed-120x70-1.jpg\",\"contentUrl\":\"https:\\\/\\\/laululind.edu.ee\\\/soinaste\\\/wp-content\\\/uploads\\\/2025\\\/02\\\/logo-Laululinnu-lasteaed-120x70-1.jpg\",\"width\":120,\"height\":70,\"caption\":\"Soinaste Lasteaed Laululind\"},\"image\":{\"@id\":\"https:\\\/\\\/laululind.edu.ee\\\/soinaste\\\/#\\\/schema\\\/logo\\\/image\\\/\"}}]}<\/script>\n<!-- \/ Yoast SEO plugin. -->","yoast_head_json":{"title":"Lasteaiast - Soinaste Lasteaed Laululind","robots":{"index":"index","follow":"follow","max-snippet":"max-snippet:-1","max-image-preview":"max-image-preview:large","max-video-preview":"max-video-preview:-1"},"canonical":"https:\/\/laululind.edu.ee\/soinaste\/lasteaiast\/","og_locale":"et_EE","og_type":"article","og_title":"Lasteaiast - Soinaste Lasteaed Laululind","og_description":"Soinaste Lasteaed Laululind Aadress: Kurepalu tee 1, Soinaste k\u00fcla, Kambja vald, 61709 Tartumaa tel +372 5334 5280 e-post: laululind@laululind.edu.ee Registrinumber: 75038291 Soinaste lasteaed Laululind on&hellip;","og_url":"https:\/\/laululind.edu.ee\/soinaste\/lasteaiast\/","og_site_name":"Soinaste Lasteaed Laululind","article_modified_time":"2025-03-17T15:30:33+00:00","og_image":[{"width":2501,"height":801,"url":"https:\/\/laululind.edu.ee\/soinaste\/wp-content\/uploads\/2025\/03\/Slider_1-1.jpg","type":"image\/jpeg"}],"twitter_card":"summary_large_image","twitter_misc":{"Est. reading time":"2 minutit"},"schema":{"@context":"https:\/\/schema.org","@graph":[{"@type":"WebPage","@id":"https:\/\/laululind.edu.ee\/soinaste\/lasteaiast\/","url":"https:\/\/laululind.edu.ee\/soinaste\/lasteaiast\/","name":"Lasteaiast - Soinaste Lasteaed Laululind","isPartOf":{"@id":"https:\/\/laululind.edu.ee\/soinaste\/#website"},"primaryImageOfPage":{"@id":"https:\/\/laululind.edu.ee\/soinaste\/lasteaiast\/#primaryimage"},"image":{"@id":"https:\/\/laululind.edu.ee\/soinaste\/lasteaiast\/#primaryimage"},"thumbnailUrl":"https:\/\/laululind.edu.ee\/soinaste\/wp-content\/uploads\/2025\/03\/Slider_1-1.jpg","datePublished":"2025-02-09T07:41:31+00:00","dateModified":"2025-03-17T15:30:33+00:00","breadcrumb":{"@id":"https:\/\/laululind.edu.ee\/soinaste\/lasteaiast\/#breadcrumb"},"inLanguage":"et","potentialAction":[{"@type":"ReadAction","target":["https:\/\/laululind.edu.ee\/soinaste\/lasteaiast\/"]}]},{"@type":"BreadcrumbList","@id":"https:\/\/laululind.edu.ee\/soinaste\/lasteaiast\/#breadcrumb","itemListElement":[{"@type":"ListItem","position":1,"name":"Home","item":"https:\/\/laululind.edu.ee\/soinaste\/"},{"@type":"ListItem","position":2,"name":"Lasteaiast"}]},{"@type":"WebSite","@id":"https:\/\/laululind.edu.ee\/soinaste\/#website","url":"https:\/\/laululind.edu.ee\/soinaste\/","name":"Soinaste Lasteaed Laululind","description":"Soinaste Lasteaed Laululind","publisher":{"@id":"https:\/\/laululind.edu.ee\/soinaste\/#organization"},"potentialAction":[{"@type":"SearchAction","target":{"@type":"EntryPoint","urlTemplate":"https:\/\/laululind.edu.ee\/soinaste\/?s={search_term_string}"},"query-input":{"@type":"PropertyValueSpecification","valueRequired":true,"valueName":"search_term_string"}}],"inLanguage":"et"},{"@type":"Organization","@id":"https:\/\/laululind.edu.ee\/soinaste\/#organization","name":"Soinaste Lasteaed Laululind","url":"https:\/\/laululind.edu.ee\/soinaste\/","logo":{"@type":"ImageObject","inLanguage":"et","@id":"https:\/\/laululind.edu.ee\/soinaste\/#\/schema\/logo\/image\/","url":"https:\/\/laululind.edu.ee\/soinaste\/wp-content\/uploads\/2025\/02\/logo-Laululinnu-lasteaed-120x70-1.jpg","contentUrl":"https:\/\/laululind.edu.ee\/soinaste\/wp-content\/uploads\/2025\/02\/logo-Laululinnu-lasteaed-120x70-1.jpg","width":120,"height":70,"caption":"Soinaste Lasteaed Laululind"},"image":{"@id":"https:\/\/laululind.edu.ee\/soinaste\/#\/schema\/logo\/image\/"}}]}},"_links":{"self":[{"href":"https:\/\/laululind.edu.ee\/soinaste\/wp-json\/wp\/v2\/pages\/27","targetHints":{"allow":["GET"]}}],"collection":[{"href":"https:\/\/laululind.edu.ee\/soinaste\/wp-json\/wp\/v2\/pages"}],"about":[{"href":"https:\/\/laululind.edu.ee\/soinaste\/wp-json\/wp\/v2\/types\/page"}],"author":[{"embeddable":true,"href":"https:\/\/laululind.edu.ee\/soinaste\/wp-json\/wp\/v2\/users\/1"}],"replies":[{"embeddable":true,"href":"https:\/\/laululind.edu.ee\/soinaste\/wp-json\/wp\/v2\/comments?post=27"}],"version-history":[{"count":5,"href":"https:\/\/laululind.edu.ee\/soinaste\/wp-json\/wp\/v2\/pages\/27\/revisions"}],"predecessor-version":[{"id":323,"href":"https:\/\/laululind.edu.ee\/soinaste\/wp-json\/wp\/v2\/pages\/27\/revisions\/323"}],"wp:featuredmedia":[{"embeddable":true,"href":"https:\/\/laululind.edu.ee\/soinaste\/wp-json\/wp\/v2\/media\/574"}],"wp:attachment":[{"href":"https:\/\/laululind.edu.ee\/soinaste\/wp-json\/wp\/v2\/media?parent=27"}],"curies":[{"name":"wp","href":"https:\/\/api.w.org\/{rel}","templated":true}]}}