    {"id":374,"date":"2025-02-10T20:25:13","date_gmt":"2025-02-10T20:25:13","guid":{"rendered":"https:\/\/laululind.edu.ee\/soinaste\/?page_id=374"},"modified":"2025-02-12T20:40:26","modified_gmt":"2025-02-12T20:40:26","slug":"ruhmad","status":"publish","type":"page","link":"https:\/\/laululind.edu.ee\/soinaste\/ruhmad\/","title":{"rendered":"R\u00fchmad"},"content":{"rendered":"\t\t<div data-elementor-type=\"wp-page\" data-elementor-id=\"374\" class=\"elementor elementor-374\">\n\t\t\t\t<div class=\"elementor-element elementor-element-5118046 e-flex e-con-boxed e-con e-parent\" data-id=\"5118046\" data-element_type=\"container\" data-e-type=\"container\">\n\t\t\t\t\t<div class=\"e-con-inner\">\n\t\t\t\t<div class=\"elementor-element elementor-element-bc3628a elementor-widget elementor-widget-text-editor\" data-id=\"bc3628a\" data-element_type=\"widget\" data-e-type=\"widget\" data-widget_type=\"text-editor.default\">\n\t\t\t\t<div class=\"elementor-widget-container\">\n\t\t\t\t\t\t\t\t\t<p>Meie lasteaias on kuus r\u00fchma, kus loome lastele turvalise ja toetava keskkonna. Iga laps saab avastada, \u00f5ppida ja areneda l\u00e4bi m\u00e4nguliste ning harivate tegevuste. Oluline on loovuse, sotsiaalsete oskuste ja iseseisvuse arendamine. Toetame laste uudishimu ja pakume mitmekesiseid v\u00f5imalusi \u00f5ppimiseks nii toas kui \u00f5ues.<\/p>\t\t\t\t\t\t\t\t<\/div>\n\t\t\t\t<\/div>\n\t\t\t\t\t<\/div>\n\t\t\t\t<\/div>\n\t\t<div class=\"elementor-element elementor-element-6e96d56 e-grid e-con-boxed e-con e-parent\" data-id=\"6e96d56\" data-element_type=\"container\" data-e-type=\"container\">\n\t\t\t\t\t<div class=\"e-con-inner\">\n\t\t<div class=\"elementor-element elementor-element-b5099f0 e-con-full e-flex e-con e-child\" data-id=\"b5099f0\" data-element_type=\"container\" data-e-type=\"container\">\n\t\t\t\t<div class=\"elementor-element elementor-element-8d6ec0d elementor-widget elementor-widget-image\" data-id=\"8d6ec0d\" data-element_type=\"widget\" data-e-type=\"widget\" data-widget_type=\"image.default\">\n\t\t\t\t<div class=\"elementor-widget-container\">\n\t\t\t\t\t\t\t\t\t\t\t\t\t\t\t<img fetchpriority=\"high\" decoding=\"async\" width=\"300\" height=\"300\" src=\"https:\/\/laululind.edu.ee\/soinaste\/wp-content\/uploads\/2025\/02\/Tihased-300x300.jpg\" class=\"attachment-medium size-medium wp-image-398\" alt=\"\" srcset=\"https:\/\/laululind.edu.ee\/soinaste\/wp-content\/uploads\/2025\/02\/Tihased-300x300.jpg 300w, https:\/\/laululind.edu.ee\/soinaste\/wp-content\/uploads\/2025\/02\/Tihased-150x150.jpg 150w, https:\/\/laululind.edu.ee\/soinaste\/wp-content\/uploads\/2025\/02\/Tihased-768x768.jpg 768w, https:\/\/laululind.edu.ee\/soinaste\/wp-content\/uploads\/2025\/02\/Tihased.jpg 1006w\" sizes=\"(max-width: 300px) 100vw, 300px\" \/>\t\t\t\t\t\t\t\t\t\t\t\t\t\t\t<\/div>\n\t\t\t\t<\/div>\n\t\t\t\t<div class=\"elementor-element elementor-element-6f3443f elementor-widget elementor-widget-text-editor\" data-id=\"6f3443f\" data-element_type=\"widget\" data-e-type=\"widget\" data-widget_type=\"text-editor.default\">\n\t\t\t\t<div class=\"elementor-widget-container\">\n\t\t\t\t\t\t\t\t\t<p>R\u00fchm: Tihased<br \/>+372 56 161 458<\/p>\t\t\t\t\t\t\t\t<\/div>\n\t\t\t\t<\/div>\n\t\t\t\t<\/div>\n\t\t<div class=\"elementor-element elementor-element-cc23d5f e-con-full e-flex e-con e-child\" data-id=\"cc23d5f\" data-element_type=\"container\" data-e-type=\"container\">\n\t\t\t\t<div class=\"elementor-element elementor-element-d06ff2a elementor-widget elementor-widget-image\" data-id=\"d06ff2a\" data-element_type=\"widget\" data-e-type=\"widget\" data-widget_type=\"image.default\">\n\t\t\t\t<div class=\"elementor-widget-container\">\n\t\t\t\t\t\t\t\t\t\t\t\t\t\t\t<img decoding=\"async\" width=\"300\" height=\"300\" src=\"https:\/\/laululind.edu.ee\/soinaste\/wp-content\/uploads\/2025\/02\/Paasukesed-300x300.jpg\" class=\"attachment-medium size-medium wp-image-397\" alt=\"\" srcset=\"https:\/\/laululind.edu.ee\/soinaste\/wp-content\/uploads\/2025\/02\/Paasukesed-300x300.jpg 300w, https:\/\/laululind.edu.ee\/soinaste\/wp-content\/uploads\/2025\/02\/Paasukesed-150x150.jpg 150w, https:\/\/laululind.edu.ee\/soinaste\/wp-content\/uploads\/2025\/02\/Paasukesed-768x768.jpg 768w, https:\/\/laululind.edu.ee\/soinaste\/wp-content\/uploads\/2025\/02\/Paasukesed.jpg 1006w\" sizes=\"(max-width: 300px) 100vw, 300px\" \/>\t\t\t\t\t\t\t\t\t\t\t\t\t\t\t<\/div>\n\t\t\t\t<\/div>\n\t\t\t\t<div class=\"elementor-element elementor-element-bd9670e elementor-widget elementor-widget-text-editor\" data-id=\"bd9670e\" data-element_type=\"widget\" data-e-type=\"widget\" data-widget_type=\"text-editor.default\">\n\t\t\t\t<div class=\"elementor-widget-container\">\n\t\t\t\t\t\t\t\t\t<p>R\u00fchm: P\u00e4\u00e4sukesed<br \/>+372 56 146 871<\/p>\t\t\t\t\t\t\t\t<\/div>\n\t\t\t\t<\/div>\n\t\t\t\t<\/div>\n\t\t<div class=\"elementor-element elementor-element-3cf10e0 e-con-full e-flex e-con e-child\" data-id=\"3cf10e0\" data-element_type=\"container\" data-e-type=\"container\" data-settings=\"{&quot;background_background&quot;:&quot;classic&quot;}\">\n\t\t\t\t<div class=\"elementor-element elementor-element-67f4178 elementor-widget elementor-widget-image\" data-id=\"67f4178\" data-element_type=\"widget\" data-e-type=\"widget\" data-widget_type=\"image.default\">\n\t\t\t\t<div class=\"elementor-widget-container\">\n\t\t\t\t\t\t\t\t\t\t\t\t\t\t\t<img decoding=\"async\" width=\"300\" height=\"300\" src=\"https:\/\/laululind.edu.ee\/soinaste\/wp-content\/uploads\/2025\/02\/Oobikud-300x300.jpg\" class=\"attachment-medium size-medium wp-image-396\" alt=\"\" srcset=\"https:\/\/laululind.edu.ee\/soinaste\/wp-content\/uploads\/2025\/02\/Oobikud-300x300.jpg 300w, https:\/\/laululind.edu.ee\/soinaste\/wp-content\/uploads\/2025\/02\/Oobikud-150x150.jpg 150w, https:\/\/laululind.edu.ee\/soinaste\/wp-content\/uploads\/2025\/02\/Oobikud-768x768.jpg 768w, https:\/\/laululind.edu.ee\/soinaste\/wp-content\/uploads\/2025\/02\/Oobikud.jpg 1006w\" sizes=\"(max-width: 300px) 100vw, 300px\" \/>\t\t\t\t\t\t\t\t\t\t\t\t\t\t\t<\/div>\n\t\t\t\t<\/div>\n\t\t\t\t<div class=\"elementor-element elementor-element-c200d94 elementor-widget elementor-widget-text-editor\" data-id=\"c200d94\" data-element_type=\"widget\" data-e-type=\"widget\" data-widget_type=\"text-editor.default\">\n\t\t\t\t<div class=\"elementor-widget-container\">\n\t\t\t\t\t\t\t\t\t<p><span style=\"font-weight: 400;\">R\u00fchm: \u00d6\u00f6bikud<br \/><\/span><span style=\"font-weight: 400;\">+372 56 169 465<\/span><\/p>\t\t\t\t\t\t\t\t<\/div>\n\t\t\t\t<\/div>\n\t\t\t\t<\/div>\n\t\t\t\t\t<\/div>\n\t\t\t\t<\/div>\n\t\t<div class=\"elementor-element elementor-element-f9e52d6 e-flex e-con-boxed e-con e-parent\" data-id=\"f9e52d6\" data-element_type=\"container\" data-e-type=\"container\" data-settings=\"{&quot;background_background&quot;:&quot;classic&quot;}\">\n\t\t\t\t\t<div class=\"e-con-inner\">\n\t\t<div class=\"elementor-element elementor-element-14f4cf7 e-grid e-con-full e-con e-child\" data-id=\"14f4cf7\" data-element_type=\"container\" data-e-type=\"container\">\n\t\t<div class=\"elementor-element elementor-element-6295cc3 e-con-full e-flex e-con e-child\" data-id=\"6295cc3\" data-element_type=\"container\" data-e-type=\"container\">\n\t\t\t\t<div class=\"elementor-element elementor-element-ac2025b elementor-widget elementor-widget-image\" data-id=\"ac2025b\" data-element_type=\"widget\" data-e-type=\"widget\" data-widget_type=\"image.default\">\n\t\t\t\t<div class=\"elementor-widget-container\">\n\t\t\t\t\t\t\t\t\t\t\t\t\t\t\t<img loading=\"lazy\" decoding=\"async\" width=\"300\" height=\"300\" src=\"https:\/\/laululind.edu.ee\/soinaste\/wp-content\/uploads\/2025\/02\/Lookesed-300x300.jpg\" class=\"attachment-medium size-medium wp-image-395\" alt=\"\" srcset=\"https:\/\/laululind.edu.ee\/soinaste\/wp-content\/uploads\/2025\/02\/Lookesed-300x300.jpg 300w, https:\/\/laululind.edu.ee\/soinaste\/wp-content\/uploads\/2025\/02\/Lookesed-150x150.jpg 150w, https:\/\/laululind.edu.ee\/soinaste\/wp-content\/uploads\/2025\/02\/Lookesed-768x769.jpg 768w, https:\/\/laululind.edu.ee\/soinaste\/wp-content\/uploads\/2025\/02\/Lookesed.jpg 1006w\" sizes=\"(max-width: 300px) 100vw, 300px\" \/>\t\t\t\t\t\t\t\t\t\t\t\t\t\t\t<\/div>\n\t\t\t\t<\/div>\n\t\t\t\t<div class=\"elementor-element elementor-element-95308eb elementor-widget elementor-widget-text-editor\" data-id=\"95308eb\" data-element_type=\"widget\" data-e-type=\"widget\" data-widget_type=\"text-editor.default\">\n\t\t\t\t<div class=\"elementor-widget-container\">\n\t\t\t\t\t\t\t\t\t<p><span style=\"font-weight: 400;\">R\u00fchm: L\u00f5okesed<br \/>+372 56 168 699<\/span><\/p>\t\t\t\t\t\t\t\t<\/div>\n\t\t\t\t<\/div>\n\t\t\t\t<\/div>\n\t\t<div class=\"elementor-element elementor-element-1b88d04 e-con-full e-flex e-con e-child\" data-id=\"1b88d04\" data-element_type=\"container\" data-e-type=\"container\">\n\t\t\t\t<div class=\"elementor-element elementor-element-92454e3 elementor-widget elementor-widget-image\" data-id=\"92454e3\" data-element_type=\"widget\" data-e-type=\"widget\" data-widget_type=\"image.default\">\n\t\t\t\t<div class=\"elementor-widget-container\">\n\t\t\t\t\t\t\t\t\t\t\t\t\t\t\t<img loading=\"lazy\" decoding=\"async\" width=\"300\" height=\"300\" src=\"https:\/\/laululind.edu.ee\/soinaste\/wp-content\/uploads\/2025\/02\/Leevikesed-300x300.jpg\" class=\"attachment-medium size-medium wp-image-394\" alt=\"\" srcset=\"https:\/\/laululind.edu.ee\/soinaste\/wp-content\/uploads\/2025\/02\/Leevikesed-300x300.jpg 300w, https:\/\/laululind.edu.ee\/soinaste\/wp-content\/uploads\/2025\/02\/Leevikesed-150x150.jpg 150w, https:\/\/laululind.edu.ee\/soinaste\/wp-content\/uploads\/2025\/02\/Leevikesed-768x769.jpg 768w, https:\/\/laululind.edu.ee\/soinaste\/wp-content\/uploads\/2025\/02\/Leevikesed.jpg 1006w\" sizes=\"(max-width: 300px) 100vw, 300px\" \/>\t\t\t\t\t\t\t\t\t\t\t\t\t\t\t<\/div>\n\t\t\t\t<\/div>\n\t\t\t\t<div class=\"elementor-element elementor-element-de842ca elementor-widget elementor-widget-text-editor\" data-id=\"de842ca\" data-element_type=\"widget\" data-e-type=\"widget\" data-widget_type=\"text-editor.default\">\n\t\t\t\t<div class=\"elementor-widget-container\">\n\t\t\t\t\t\t\t\t\t<p>R\u00fchm: Leevikesed<br \/>+372 56 121 597<\/p>\t\t\t\t\t\t\t\t<\/div>\n\t\t\t\t<\/div>\n\t\t\t\t<\/div>\n\t\t<div class=\"elementor-element elementor-element-2bddd0c e-con-full e-flex e-con e-child\" data-id=\"2bddd0c\" data-element_type=\"container\" data-e-type=\"container\" data-settings=\"{&quot;background_background&quot;:&quot;classic&quot;}\">\n\t\t\t\t<div class=\"elementor-element elementor-element-46146f6 elementor-widget elementor-widget-image\" data-id=\"46146f6\" data-element_type=\"widget\" data-e-type=\"widget\" data-widget_type=\"image.default\">\n\t\t\t\t<div class=\"elementor-widget-container\">\n\t\t\t\t\t\t\t\t\t\t\t\t\t\t\t<img loading=\"lazy\" decoding=\"async\" width=\"300\" height=\"300\" src=\"https:\/\/laululind.edu.ee\/soinaste\/wp-content\/uploads\/2025\/02\/Kuldnokad-300x300.jpg\" class=\"attachment-medium size-medium wp-image-393\" alt=\"\" srcset=\"https:\/\/laululind.edu.ee\/soinaste\/wp-content\/uploads\/2025\/02\/Kuldnokad-300x300.jpg 300w, https:\/\/laululind.edu.ee\/soinaste\/wp-content\/uploads\/2025\/02\/Kuldnokad-150x150.jpg 150w, https:\/\/laululind.edu.ee\/soinaste\/wp-content\/uploads\/2025\/02\/Kuldnokad-768x769.jpg 768w, https:\/\/laululind.edu.ee\/soinaste\/wp-content\/uploads\/2025\/02\/Kuldnokad.jpg 1006w\" sizes=\"(max-width: 300px) 100vw, 300px\" \/>\t\t\t\t\t\t\t\t\t\t\t\t\t\t\t<\/div>\n\t\t\t\t<\/div>\n\t\t\t\t<div class=\"elementor-element elementor-element-5e136e6 elementor-widget elementor-widget-text-editor\" data-id=\"5e136e6\" data-element_type=\"widget\" data-e-type=\"widget\" data-widget_type=\"text-editor.default\">\n\t\t\t\t<div class=\"elementor-widget-container\">\n\t\t\t\t\t\t\t\t\t<p>R\u00fchm: Kuldnokad<br \/>+372 56 165 673<\/p>\t\t\t\t\t\t\t\t<\/div>\n\t\t\t\t<\/div>\n\t\t\t\t<\/div>\n\t\t\t\t<\/div>\n\t\t\t\t\t<\/div>\n\t\t\t\t<\/div>\n\t\t\t\t<\/div>\n\t\t","protected":false},"excerpt":{"rendered":"<p>Meie lasteaias on kuus r\u00fchma, kus loome lastele turvalise ja toetava keskkonna. Iga laps saab avastada, \u00f5ppida ja areneda l\u00e4bi m\u00e4nguliste ning harivate tegevuste. Oluline&hellip;<\/p>\n","protected":false},"author":1,"featured_media":0,"parent":0,"menu_order":0,"comment_status":"closed","ping_status":"closed","template":"","meta":{"cybocfi_hide_featured_image":"","footnotes":""},"class_list":["post-374","page","type-page","status-publish","hentry"],"yoast_head":"<!-- This site is optimized with the Yoast SEO plugin v27.3 - https:\/\/yoast.com\/product\/yoast-seo-wordpress\/ -->\n<title>R\u00fchmad - Soinaste Lasteaed Laululind<\/title>\n<meta name=\"robots\" content=\"index, follow, max-snippet:-1, max-image-preview:large, max-video-preview:-1\" \/>\n<link rel=\"canonical\" href=\"https:\/\/laululind.edu.ee\/soinaste\/ruhmad\/\" \/>\n<meta property=\"og:locale\" content=\"et_EE\" \/>\n<meta property=\"og:type\" content=\"article\" \/>\n<meta property=\"og:title\" content=\"R\u00fchmad - Soinaste Lasteaed Laululind\" \/>\n<meta property=\"og:description\" content=\"Meie lasteaias on kuus r\u00fchma, kus loome lastele turvalise ja toetava keskkonna. Iga laps saab avastada, \u00f5ppida ja areneda l\u00e4bi m\u00e4nguliste ning harivate tegevuste. Oluline&hellip;\" \/>\n<meta property=\"og:url\" content=\"https:\/\/laululind.edu.ee\/soinaste\/ruhmad\/\" \/>\n<meta property=\"og:site_name\" content=\"Soinaste Lasteaed Laululind\" \/>\n<meta property=\"article:modified_time\" content=\"2025-02-12T20:40:26+00:00\" \/>\n<meta property=\"og:image\" content=\"http:\/\/laululind.edu.ee\/soinaste\/wp-content\/uploads\/2025\/02\/Tihased-300x300.jpg\" \/>\n<meta name=\"twitter:card\" content=\"summary_large_image\" \/>\n<script type=\"application\/ld+json\" class=\"yoast-schema-graph\">{\"@context\":\"https:\\\/\\\/schema.org\",\"@graph\":[{\"@type\":\"WebPage\",\"@id\":\"https:\\\/\\\/laululind.edu.ee\\\/soinaste\\\/ruhmad\\\/\",\"url\":\"https:\\\/\\\/laululind.edu.ee\\\/soinaste\\\/ruhmad\\\/\",\"name\":\"R\u00fchmad - Soinaste Lasteaed Laululind\",\"isPartOf\":{\"@id\":\"https:\\\/\\\/laululind.edu.ee\\\/soinaste\\\/#website\"},\"primaryImageOfPage\":{\"@id\":\"https:\\\/\\\/laululind.edu.ee\\\/soinaste\\\/ruhmad\\\/#primaryimage\"},\"image\":{\"@id\":\"https:\\\/\\\/laululind.edu.ee\\\/soinaste\\\/ruhmad\\\/#primaryimage\"},\"thumbnailUrl\":\"http:\\\/\\\/laululind.edu.ee\\\/soinaste\\\/wp-content\\\/uploads\\\/2025\\\/02\\\/Tihased-300x300.jpg\",\"datePublished\":\"2025-02-10T20:25:13+00:00\",\"dateModified\":\"2025-02-12T20:40:26+00:00\",\"breadcrumb\":{\"@id\":\"https:\\\/\\\/laululind.edu.ee\\\/soinaste\\\/ruhmad\\\/#breadcrumb\"},\"inLanguage\":\"et\",\"potentialAction\":[{\"@type\":\"ReadAction\",\"target\":[\"https:\\\/\\\/laululind.edu.ee\\\/soinaste\\\/ruhmad\\\/\"]}]},{\"@type\":\"ImageObject\",\"inLanguage\":\"et\",\"@id\":\"https:\\\/\\\/laululind.edu.ee\\\/soinaste\\\/ruhmad\\\/#primaryimage\",\"url\":\"https:\\\/\\\/laululind.edu.ee\\\/soinaste\\\/wp-content\\\/uploads\\\/2025\\\/02\\\/Tihased.jpg\",\"contentUrl\":\"https:\\\/\\\/laululind.edu.ee\\\/soinaste\\\/wp-content\\\/uploads\\\/2025\\\/02\\\/Tihased.jpg\",\"width\":1006,\"height\":1006},{\"@type\":\"BreadcrumbList\",\"@id\":\"https:\\\/\\\/laululind.edu.ee\\\/soinaste\\\/ruhmad\\\/#breadcrumb\",\"itemListElement\":[{\"@type\":\"ListItem\",\"position\":1,\"name\":\"Home\",\"item\":\"https:\\\/\\\/laululind.edu.ee\\\/soinaste\\\/\"},{\"@type\":\"ListItem\",\"position\":2,\"name\":\"R\u00fchmad\"}]},{\"@type\":\"WebSite\",\"@id\":\"https:\\\/\\\/laululind.edu.ee\\\/soinaste\\\/#website\",\"url\":\"https:\\\/\\\/laululind.edu.ee\\\/soinaste\\\/\",\"name\":\"Soinaste Lasteaed Laululind\",\"description\":\"Soinaste Lasteaed Laululind\",\"publisher\":{\"@id\":\"https:\\\/\\\/laululind.edu.ee\\\/soinaste\\\/#organization\"},\"potentialAction\":[{\"@type\":\"SearchAction\",\"target\":{\"@type\":\"EntryPoint\",\"urlTemplate\":\"https:\\\/\\\/laululind.edu.ee\\\/soinaste\\\/?s={search_term_string}\"},\"query-input\":{\"@type\":\"PropertyValueSpecification\",\"valueRequired\":true,\"valueName\":\"search_term_string\"}}],\"inLanguage\":\"et\"},{\"@type\":\"Organization\",\"@id\":\"https:\\\/\\\/laululind.edu.ee\\\/soinaste\\\/#organization\",\"name\":\"Soinaste Lasteaed Laululind\",\"url\":\"https:\\\/\\\/laululind.edu.ee\\\/soinaste\\\/\",\"logo\":{\"@type\":\"ImageObject\",\"inLanguage\":\"et\",\"@id\":\"https:\\\/\\\/laululind.edu.ee\\\/soinaste\\\/#\\\/schema\\\/logo\\\/image\\\/\",\"url\":\"https:\\\/\\\/laululind.edu.ee\\\/soinaste\\\/wp-content\\\/uploads\\\/2025\\\/02\\\/logo-Laululinnu-lasteaed-120x70-1.jpg\",\"contentUrl\":\"https:\\\/\\\/laululind.edu.ee\\\/soinaste\\\/wp-content\\\/uploads\\\/2025\\\/02\\\/logo-Laululinnu-lasteaed-120x70-1.jpg\",\"width\":120,\"height\":70,\"caption\":\"Soinaste Lasteaed Laululind\"},\"image\":{\"@id\":\"https:\\\/\\\/laululind.edu.ee\\\/soinaste\\\/#\\\/schema\\\/logo\\\/image\\\/\"}}]}<\/script>\n<!-- \/ Yoast SEO plugin. -->","yoast_head_json":{"title":"R\u00fchmad - Soinaste Lasteaed Laululind","robots":{"index":"index","follow":"follow","max-snippet":"max-snippet:-1","max-image-preview":"max-image-preview:large","max-video-preview":"max-video-preview:-1"},"canonical":"https:\/\/laululind.edu.ee\/soinaste\/ruhmad\/","og_locale":"et_EE","og_type":"article","og_title":"R\u00fchmad - Soinaste Lasteaed Laululind","og_description":"Meie lasteaias on kuus r\u00fchma, kus loome lastele turvalise ja toetava keskkonna. Iga laps saab avastada, \u00f5ppida ja areneda l\u00e4bi m\u00e4nguliste ning harivate tegevuste. Oluline&hellip;","og_url":"https:\/\/laululind.edu.ee\/soinaste\/ruhmad\/","og_site_name":"Soinaste Lasteaed Laululind","article_modified_time":"2025-02-12T20:40:26+00:00","og_image":[{"url":"http:\/\/laululind.edu.ee\/soinaste\/wp-content\/uploads\/2025\/02\/Tihased-300x300.jpg","type":"","width":"","height":""}],"twitter_card":"summary_large_image","schema":{"@context":"https:\/\/schema.org","@graph":[{"@type":"WebPage","@id":"https:\/\/laululind.edu.ee\/soinaste\/ruhmad\/","url":"https:\/\/laululind.edu.ee\/soinaste\/ruhmad\/","name":"R\u00fchmad - Soinaste Lasteaed Laululind","isPartOf":{"@id":"https:\/\/laululind.edu.ee\/soinaste\/#website"},"primaryImageOfPage":{"@id":"https:\/\/laululind.edu.ee\/soinaste\/ruhmad\/#primaryimage"},"image":{"@id":"https:\/\/laululind.edu.ee\/soinaste\/ruhmad\/#primaryimage"},"thumbnailUrl":"http:\/\/laululind.edu.ee\/soinaste\/wp-content\/uploads\/2025\/02\/Tihased-300x300.jpg","datePublished":"2025-02-10T20:25:13+00:00","dateModified":"2025-02-12T20:40:26+00:00","breadcrumb":{"@id":"https:\/\/laululind.edu.ee\/soinaste\/ruhmad\/#breadcrumb"},"inLanguage":"et","potentialAction":[{"@type":"ReadAction","target":["https:\/\/laululind.edu.ee\/soinaste\/ruhmad\/"]}]},{"@type":"ImageObject","inLanguage":"et","@id":"https:\/\/laululind.edu.ee\/soinaste\/ruhmad\/#primaryimage","url":"https:\/\/laululind.edu.ee\/soinaste\/wp-content\/uploads\/2025\/02\/Tihased.jpg","contentUrl":"https:\/\/laululind.edu.ee\/soinaste\/wp-content\/uploads\/2025\/02\/Tihased.jpg","width":1006,"height":1006},{"@type":"BreadcrumbList","@id":"https:\/\/laululind.edu.ee\/soinaste\/ruhmad\/#breadcrumb","itemListElement":[{"@type":"ListItem","position":1,"name":"Home","item":"https:\/\/laululind.edu.ee\/soinaste\/"},{"@type":"ListItem","position":2,"name":"R\u00fchmad"}]},{"@type":"WebSite","@id":"https:\/\/laululind.edu.ee\/soinaste\/#website","url":"https:\/\/laululind.edu.ee\/soinaste\/","name":"Soinaste Lasteaed Laululind","description":"Soinaste Lasteaed Laululind","publisher":{"@id":"https:\/\/laululind.edu.ee\/soinaste\/#organization"},"potentialAction":[{"@type":"SearchAction","target":{"@type":"EntryPoint","urlTemplate":"https:\/\/laululind.edu.ee\/soinaste\/?s={search_term_string}"},"query-input":{"@type":"PropertyValueSpecification","valueRequired":true,"valueName":"search_term_string"}}],"inLanguage":"et"},{"@type":"Organization","@id":"https:\/\/laululind.edu.ee\/soinaste\/#organization","name":"Soinaste Lasteaed Laululind","url":"https:\/\/laululind.edu.ee\/soinaste\/","logo":{"@type":"ImageObject","inLanguage":"et","@id":"https:\/\/laululind.edu.ee\/soinaste\/#\/schema\/logo\/image\/","url":"https:\/\/laululind.edu.ee\/soinaste\/wp-content\/uploads\/2025\/02\/logo-Laululinnu-lasteaed-120x70-1.jpg","contentUrl":"https:\/\/laululind.edu.ee\/soinaste\/wp-content\/uploads\/2025\/02\/logo-Laululinnu-lasteaed-120x70-1.jpg","width":120,"height":70,"caption":"Soinaste Lasteaed Laululind"},"image":{"@id":"https:\/\/laululind.edu.ee\/soinaste\/#\/schema\/logo\/image\/"}}]}},"_links":{"self":[{"href":"https:\/\/laululind.edu.ee\/soinaste\/wp-json\/wp\/v2\/pages\/374","targetHints":{"allow":["GET"]}}],"collection":[{"href":"https:\/\/laululind.edu.ee\/soinaste\/wp-json\/wp\/v2\/pages"}],"about":[{"href":"https:\/\/laululind.edu.ee\/soinaste\/wp-json\/wp\/v2\/types\/page"}],"author":[{"embeddable":true,"href":"https:\/\/laululind.edu.ee\/soinaste\/wp-json\/wp\/v2\/users\/1"}],"replies":[{"embeddable":true,"href":"https:\/\/laululind.edu.ee\/soinaste\/wp-json\/wp\/v2\/comments?post=374"}],"version-history":[{"count":5,"href":"https:\/\/laululind.edu.ee\/soinaste\/wp-json\/wp\/v2\/pages\/374\/revisions"}],"predecessor-version":[{"id":418,"href":"https:\/\/laululind.edu.ee\/soinaste\/wp-json\/wp\/v2\/pages\/374\/revisions\/418"}],"wp:attachment":[{"href":"https:\/\/laululind.edu.ee\/soinaste\/wp-json\/wp\/v2\/media?parent=374"}],"curies":[{"name":"wp","href":"https:\/\/api.w.org\/{rel}","templated":true}]}}