    {"id":496,"date":"2025-02-13T19:45:37","date_gmt":"2025-02-13T19:45:37","guid":{"rendered":"https:\/\/laululind.edu.ee\/soinaste\/?page_id=496"},"modified":"2026-04-01T10:19:20","modified_gmt":"2026-04-01T10:19:20","slug":"tule-meile-toole","status":"publish","type":"page","link":"https:\/\/laululind.edu.ee\/soinaste\/tule-meile-toole\/","title":{"rendered":"Tule meile t\u00f6\u00f6le"},"content":{"rendered":"\t\t<div data-elementor-type=\"wp-page\" data-elementor-id=\"496\" class=\"elementor elementor-496\">\n\t\t\t\t<div class=\"elementor-element elementor-element-826137d e-flex e-con-boxed e-con e-parent\" data-id=\"826137d\" data-element_type=\"container\" data-e-type=\"container\">\n\t\t\t\t\t<div class=\"e-con-inner\">\n\t\t\t\t<div class=\"elementor-element elementor-element-35cb740 elementor-widget elementor-widget-heading\" data-id=\"35cb740\" data-element_type=\"widget\" data-e-type=\"widget\" data-widget_type=\"heading.default\">\n\t\t\t\t<div class=\"elementor-widget-container\">\n\t\t\t\t\t<h2 class=\"elementor-heading-title elementor-size-default\">Liitu meie armsa lasteaiaga ja aita lastel avastada maailma r\u00f5\u00f5mu ja uudishimuga!<\/h2>\t\t\t\t<\/div>\n\t\t\t\t<\/div>\n\t\t\t\t\t<\/div>\n\t\t\t\t<\/div>\n\t\t<div class=\"elementor-element elementor-element-fc3b3fd e-flex e-con-boxed e-con e-parent\" data-id=\"fc3b3fd\" data-element_type=\"container\" data-e-type=\"container\">\n\t\t\t\t\t<div class=\"e-con-inner\">\n\t\t\t\t<div class=\"elementor-element elementor-element-bde6179 elementor-widget-divider--view-line elementor-widget elementor-widget-divider\" data-id=\"bde6179\" data-element_type=\"widget\" data-e-type=\"widget\" data-widget_type=\"divider.default\">\n\t\t\t\t<div class=\"elementor-widget-container\">\n\t\t\t\t\t\t\t<div class=\"elementor-divider\">\n\t\t\t<span class=\"elementor-divider-separator\">\n\t\t\t\t\t\t<\/span>\n\t\t<\/div>\n\t\t\t\t\t\t<\/div>\n\t\t\t\t<\/div>\n\t\t\t\t\t<\/div>\n\t\t\t\t<\/div>\n\t\t<div class=\"elementor-element elementor-element-301b93c e-flex e-con-boxed e-con e-parent\" data-id=\"301b93c\" data-element_type=\"container\" data-e-type=\"container\">\n\t\t\t\t\t<div class=\"e-con-inner\">\n\t\t\t\t\t<\/div>\n\t\t\t\t<\/div>\n\t\t<div class=\"elementor-element elementor-element-16feef2 e-flex e-con-boxed e-con e-parent\" data-id=\"16feef2\" data-element_type=\"container\" data-e-type=\"container\">\n\t\t\t\t\t<div class=\"e-con-inner\">\n\t\t\t\t<div class=\"elementor-element elementor-element-f64d525 elementor-widget elementor-widget-image\" data-id=\"f64d525\" data-element_type=\"widget\" data-e-type=\"widget\" data-widget_type=\"image.default\">\n\t\t\t\t<div class=\"elementor-widget-container\">\n\t\t\t\t\t\t\t\t\t\t\t\t\t\t\t<img fetchpriority=\"high\" decoding=\"async\" width=\"768\" height=\"432\" src=\"https:\/\/laululind.edu.ee\/soinaste\/wp-content\/uploads\/2026\/04\/Tookuulutus_Soinaste_lasteaia_drirektor-1068x601-1-768x432.jpg\" class=\"attachment-medium_large size-medium_large wp-image-801\" alt=\"Rohkem infot: https:\/\/www.kambja.info\/64807\/otsime-lasteaiale-direktorit\/\" srcset=\"https:\/\/laululind.edu.ee\/soinaste\/wp-content\/uploads\/2026\/04\/Tookuulutus_Soinaste_lasteaia_drirektor-1068x601-1-768x432.jpg 768w, https:\/\/laululind.edu.ee\/soinaste\/wp-content\/uploads\/2026\/04\/Tookuulutus_Soinaste_lasteaia_drirektor-1068x601-1-300x169.jpg 300w, https:\/\/laululind.edu.ee\/soinaste\/wp-content\/uploads\/2026\/04\/Tookuulutus_Soinaste_lasteaia_drirektor-1068x601-1-1024x576.jpg 1024w, https:\/\/laululind.edu.ee\/soinaste\/wp-content\/uploads\/2026\/04\/Tookuulutus_Soinaste_lasteaia_drirektor-1068x601-1.jpg 1068w\" sizes=\"(max-width: 768px) 100vw, 768px\" \/>\t\t\t\t\t\t\t\t\t\t\t\t\t\t\t<\/div>\n\t\t\t\t<\/div>\n\t\t\t\t\t<\/div>\n\t\t\t\t<\/div>\n\t\t<div class=\"elementor-element elementor-element-77c08fb e-flex e-con-boxed e-con e-parent\" data-id=\"77c08fb\" data-element_type=\"container\" data-e-type=\"container\">\n\t\t\t\t\t<div class=\"e-con-inner\">\n\t\t\t\t<div class=\"elementor-element elementor-element-429faa7 elementor-widget elementor-widget-text-editor\" data-id=\"429faa7\" data-element_type=\"widget\" data-e-type=\"widget\" data-widget_type=\"text-editor.default\">\n\t\t\t\t<div class=\"elementor-widget-container\">\n\t\t\t\t\t\t\t\t\t<h3 style=\"text-align: center;\">Rohkem infot leiab <a href=\"https:\/\/www.kambja.info\/64807\/otsime-lasteaiale-direktorit\/\">Kambja valla kodulehelt<\/a>.<\/h3>\t\t\t\t\t\t\t\t<\/div>\n\t\t\t\t<\/div>\n\t\t\t\t\t<\/div>\n\t\t\t\t<\/div>\n\t\t\t\t<\/div>\n\t\t","protected":false},"excerpt":{"rendered":"<p>Liitu meie armsa lasteaiaga ja aita lastel avastada maailma r\u00f5\u00f5mu ja uudishimuga! Rohkem infot leiab Kambja valla kodulehelt.<\/p>\n","protected":false},"author":1,"featured_media":500,"parent":0,"menu_order":0,"comment_status":"closed","ping_status":"closed","template":"","meta":{"cybocfi_hide_featured_image":"yes","footnotes":""},"class_list":["post-496","page","type-page","status-publish","has-post-thumbnail","hentry"],"yoast_head":"<!-- This site is optimized with the Yoast SEO plugin v27.4 - https:\/\/yoast.com\/product\/yoast-seo-wordpress\/ -->\n<title>Tule meile t\u00f6\u00f6le - Soinaste Lasteaed Laululind<\/title>\n<meta name=\"robots\" content=\"index, follow, max-snippet:-1, max-image-preview:large, max-video-preview:-1\" \/>\n<link rel=\"canonical\" href=\"https:\/\/laululind.edu.ee\/soinaste\/tule-meile-toole\/\" \/>\n<meta property=\"og:locale\" content=\"et_EE\" \/>\n<meta property=\"og:type\" content=\"article\" \/>\n<meta property=\"og:title\" content=\"Tule meile t\u00f6\u00f6le - Soinaste Lasteaed Laululind\" \/>\n<meta property=\"og:description\" content=\"Liitu meie armsa lasteaiaga ja aita lastel avastada maailma r\u00f5\u00f5mu ja uudishimuga! Rohkem infot leiab Kambja valla kodulehelt.\" \/>\n<meta property=\"og:url\" content=\"https:\/\/laululind.edu.ee\/soinaste\/tule-meile-toole\/\" \/>\n<meta property=\"og:site_name\" content=\"Soinaste Lasteaed Laululind\" \/>\n<meta property=\"article:modified_time\" content=\"2026-04-01T10:19:20+00:00\" \/>\n<meta property=\"og:image\" content=\"https:\/\/laululind.edu.ee\/soinaste\/wp-content\/uploads\/2025\/02\/Tookuulutus.jpg\" \/>\n\t<meta property=\"og:image:width\" content=\"551\" \/>\n\t<meta property=\"og:image:height\" content=\"551\" \/>\n\t<meta property=\"og:image:type\" content=\"image\/jpeg\" \/>\n<meta name=\"twitter:card\" content=\"summary_large_image\" \/>\n<meta name=\"twitter:label1\" content=\"Est. reading time\" \/>\n\t<meta name=\"twitter:data1\" content=\"1 minut\" \/>\n<script type=\"application\/ld+json\" class=\"yoast-schema-graph\">{\"@context\":\"https:\\\/\\\/schema.org\",\"@graph\":[{\"@type\":\"WebPage\",\"@id\":\"https:\\\/\\\/laululind.edu.ee\\\/soinaste\\\/tule-meile-toole\\\/\",\"url\":\"https:\\\/\\\/laululind.edu.ee\\\/soinaste\\\/tule-meile-toole\\\/\",\"name\":\"Tule meile t\u00f6\u00f6le - Soinaste Lasteaed Laululind\",\"isPartOf\":{\"@id\":\"https:\\\/\\\/laululind.edu.ee\\\/soinaste\\\/#website\"},\"primaryImageOfPage\":{\"@id\":\"https:\\\/\\\/laululind.edu.ee\\\/soinaste\\\/tule-meile-toole\\\/#primaryimage\"},\"image\":{\"@id\":\"https:\\\/\\\/laululind.edu.ee\\\/soinaste\\\/tule-meile-toole\\\/#primaryimage\"},\"thumbnailUrl\":\"https:\\\/\\\/laululind.edu.ee\\\/soinaste\\\/wp-content\\\/uploads\\\/2025\\\/02\\\/Tookuulutus.jpg\",\"datePublished\":\"2025-02-13T19:45:37+00:00\",\"dateModified\":\"2026-04-01T10:19:20+00:00\",\"breadcrumb\":{\"@id\":\"https:\\\/\\\/laululind.edu.ee\\\/soinaste\\\/tule-meile-toole\\\/#breadcrumb\"},\"inLanguage\":\"et\",\"potentialAction\":[{\"@type\":\"ReadAction\",\"target\":[\"https:\\\/\\\/laululind.edu.ee\\\/soinaste\\\/tule-meile-toole\\\/\"]}]},{\"@type\":\"BreadcrumbList\",\"@id\":\"https:\\\/\\\/laululind.edu.ee\\\/soinaste\\\/tule-meile-toole\\\/#breadcrumb\",\"itemListElement\":[{\"@type\":\"ListItem\",\"position\":1,\"name\":\"Home\",\"item\":\"https:\\\/\\\/laululind.edu.ee\\\/soinaste\\\/\"},{\"@type\":\"ListItem\",\"position\":2,\"name\":\"Tule meile t\u00f6\u00f6le\"}]},{\"@type\":\"WebSite\",\"@id\":\"https:\\\/\\\/laululind.edu.ee\\\/soinaste\\\/#website\",\"url\":\"https:\\\/\\\/laululind.edu.ee\\\/soinaste\\\/\",\"name\":\"Soinaste Lasteaed Laululind\",\"description\":\"Soinaste Lasteaed Laululind\",\"publisher\":{\"@id\":\"https:\\\/\\\/laululind.edu.ee\\\/soinaste\\\/#organization\"},\"potentialAction\":[{\"@type\":\"SearchAction\",\"target\":{\"@type\":\"EntryPoint\",\"urlTemplate\":\"https:\\\/\\\/laululind.edu.ee\\\/soinaste\\\/?s={search_term_string}\"},\"query-input\":{\"@type\":\"PropertyValueSpecification\",\"valueRequired\":true,\"valueName\":\"search_term_string\"}}],\"inLanguage\":\"et\"},{\"@type\":\"Organization\",\"@id\":\"https:\\\/\\\/laululind.edu.ee\\\/soinaste\\\/#organization\",\"name\":\"Soinaste Lasteaed Laululind\",\"url\":\"https:\\\/\\\/laululind.edu.ee\\\/soinaste\\\/\",\"logo\":{\"@type\":\"ImageObject\",\"inLanguage\":\"et\",\"@id\":\"https:\\\/\\\/laululind.edu.ee\\\/soinaste\\\/#\\\/schema\\\/logo\\\/image\\\/\",\"url\":\"https:\\\/\\\/laululind.edu.ee\\\/soinaste\\\/wp-content\\\/uploads\\\/2025\\\/02\\\/logo-Laululinnu-lasteaed-120x70-1.jpg\",\"contentUrl\":\"https:\\\/\\\/laululind.edu.ee\\\/soinaste\\\/wp-content\\\/uploads\\\/2025\\\/02\\\/logo-Laululinnu-lasteaed-120x70-1.jpg\",\"width\":120,\"height\":70,\"caption\":\"Soinaste Lasteaed Laululind\"},\"image\":{\"@id\":\"https:\\\/\\\/laululind.edu.ee\\\/soinaste\\\/#\\\/schema\\\/logo\\\/image\\\/\"}}]}<\/script>\n<!-- \/ Yoast SEO plugin. -->","yoast_head_json":{"title":"Tule meile t\u00f6\u00f6le - Soinaste Lasteaed Laululind","robots":{"index":"index","follow":"follow","max-snippet":"max-snippet:-1","max-image-preview":"max-image-preview:large","max-video-preview":"max-video-preview:-1"},"canonical":"https:\/\/laululind.edu.ee\/soinaste\/tule-meile-toole\/","og_locale":"et_EE","og_type":"article","og_title":"Tule meile t\u00f6\u00f6le - Soinaste Lasteaed Laululind","og_description":"Liitu meie armsa lasteaiaga ja aita lastel avastada maailma r\u00f5\u00f5mu ja uudishimuga! Rohkem infot leiab Kambja valla kodulehelt.","og_url":"https:\/\/laululind.edu.ee\/soinaste\/tule-meile-toole\/","og_site_name":"Soinaste Lasteaed Laululind","article_modified_time":"2026-04-01T10:19:20+00:00","og_image":[{"width":551,"height":551,"url":"https:\/\/laululind.edu.ee\/soinaste\/wp-content\/uploads\/2025\/02\/Tookuulutus.jpg","type":"image\/jpeg"}],"twitter_card":"summary_large_image","twitter_misc":{"Est. reading time":"1 minut"},"schema":{"@context":"https:\/\/schema.org","@graph":[{"@type":"WebPage","@id":"https:\/\/laululind.edu.ee\/soinaste\/tule-meile-toole\/","url":"https:\/\/laululind.edu.ee\/soinaste\/tule-meile-toole\/","name":"Tule meile t\u00f6\u00f6le - Soinaste Lasteaed Laululind","isPartOf":{"@id":"https:\/\/laululind.edu.ee\/soinaste\/#website"},"primaryImageOfPage":{"@id":"https:\/\/laululind.edu.ee\/soinaste\/tule-meile-toole\/#primaryimage"},"image":{"@id":"https:\/\/laululind.edu.ee\/soinaste\/tule-meile-toole\/#primaryimage"},"thumbnailUrl":"https:\/\/laululind.edu.ee\/soinaste\/wp-content\/uploads\/2025\/02\/Tookuulutus.jpg","datePublished":"2025-02-13T19:45:37+00:00","dateModified":"2026-04-01T10:19:20+00:00","breadcrumb":{"@id":"https:\/\/laululind.edu.ee\/soinaste\/tule-meile-toole\/#breadcrumb"},"inLanguage":"et","potentialAction":[{"@type":"ReadAction","target":["https:\/\/laululind.edu.ee\/soinaste\/tule-meile-toole\/"]}]},{"@type":"BreadcrumbList","@id":"https:\/\/laululind.edu.ee\/soinaste\/tule-meile-toole\/#breadcrumb","itemListElement":[{"@type":"ListItem","position":1,"name":"Home","item":"https:\/\/laululind.edu.ee\/soinaste\/"},{"@type":"ListItem","position":2,"name":"Tule meile t\u00f6\u00f6le"}]},{"@type":"WebSite","@id":"https:\/\/laululind.edu.ee\/soinaste\/#website","url":"https:\/\/laululind.edu.ee\/soinaste\/","name":"Soinaste Lasteaed Laululind","description":"Soinaste Lasteaed Laululind","publisher":{"@id":"https:\/\/laululind.edu.ee\/soinaste\/#organization"},"potentialAction":[{"@type":"SearchAction","target":{"@type":"EntryPoint","urlTemplate":"https:\/\/laululind.edu.ee\/soinaste\/?s={search_term_string}"},"query-input":{"@type":"PropertyValueSpecification","valueRequired":true,"valueName":"search_term_string"}}],"inLanguage":"et"},{"@type":"Organization","@id":"https:\/\/laululind.edu.ee\/soinaste\/#organization","name":"Soinaste Lasteaed Laululind","url":"https:\/\/laululind.edu.ee\/soinaste\/","logo":{"@type":"ImageObject","inLanguage":"et","@id":"https:\/\/laululind.edu.ee\/soinaste\/#\/schema\/logo\/image\/","url":"https:\/\/laululind.edu.ee\/soinaste\/wp-content\/uploads\/2025\/02\/logo-Laululinnu-lasteaed-120x70-1.jpg","contentUrl":"https:\/\/laululind.edu.ee\/soinaste\/wp-content\/uploads\/2025\/02\/logo-Laululinnu-lasteaed-120x70-1.jpg","width":120,"height":70,"caption":"Soinaste Lasteaed Laululind"},"image":{"@id":"https:\/\/laululind.edu.ee\/soinaste\/#\/schema\/logo\/image\/"}}]}},"_links":{"self":[{"href":"https:\/\/laululind.edu.ee\/soinaste\/wp-json\/wp\/v2\/pages\/496","targetHints":{"allow":["GET"]}}],"collection":[{"href":"https:\/\/laululind.edu.ee\/soinaste\/wp-json\/wp\/v2\/pages"}],"about":[{"href":"https:\/\/laululind.edu.ee\/soinaste\/wp-json\/wp\/v2\/types\/page"}],"author":[{"embeddable":true,"href":"https:\/\/laululind.edu.ee\/soinaste\/wp-json\/wp\/v2\/users\/1"}],"replies":[{"embeddable":true,"href":"https:\/\/laululind.edu.ee\/soinaste\/wp-json\/wp\/v2\/comments?post=496"}],"version-history":[{"count":5,"href":"https:\/\/laululind.edu.ee\/soinaste\/wp-json\/wp\/v2\/pages\/496\/revisions"}],"predecessor-version":[{"id":805,"href":"https:\/\/laululind.edu.ee\/soinaste\/wp-json\/wp\/v2\/pages\/496\/revisions\/805"}],"wp:featuredmedia":[{"embeddable":true,"href":"https:\/\/laululind.edu.ee\/soinaste\/wp-json\/wp\/v2\/media\/500"}],"wp:attachment":[{"href":"https:\/\/laululind.edu.ee\/soinaste\/wp-json\/wp\/v2\/media?parent=496"}],"curies":[{"name":"wp","href":"https:\/\/api.w.org\/{rel}","templated":true}]}}